{"id":138,"date":"2025-01-16T14:45:59","date_gmt":"2025-01-16T17:45:59","guid":{"rendered":"https:\/\/projetos.formefor.com.br\/petpelomundo\/?page_id=138"},"modified":"2025-04-11T10:04:53","modified_gmt":"2025-04-11T13:04:53","slug":"a-pet-pelo-mundo","status":"publish","type":"page","link":"https:\/\/projetos.formefor.com.br\/petpelomundo\/a-pet-pelo-mundo\/","title":{"rendered":"A Pet Pelo Mundo"},"content":{"rendered":"\t\t<div data-elementor-type=\"wp-post\" data-elementor-id=\"138\" class=\"elementor elementor-138\">\n\t\t\t\t<div class=\"elementor-element elementor-element-4336bee e-flex e-con-boxed e-con e-parent\" data-id=\"4336bee\" data-element_type=\"container\" data-settings=\"{&quot;background_background&quot;:&quot;classic&quot;}\">\n\t\t\t\t\t<div class=\"e-con-inner\">\n\t\t<div class=\"elementor-element elementor-element-cee9c3a e-con-full e-flex e-con e-child\" data-id=\"cee9c3a\" data-element_type=\"container\">\n\t\t\t\t<div class=\"elementor-element elementor-element-7b11360 elementor-widget elementor-widget-heading\" data-id=\"7b11360\" data-element_type=\"widget\" data-widget_type=\"heading.default\">\n\t\t\t\t<div class=\"elementor-widget-container\">\n\t\t\t\t\t<h1 class=\"elementor-heading-title elementor-size-default\">A Pet Pelo Mundo<\/h1>\t\t\t\t<\/div>\n\t\t\t\t<\/div>\n\t\t\t\t<div class=\"elementor-element elementor-element-77d8467 elementor-widget elementor-widget-heading\" data-id=\"77d8467\" data-element_type=\"widget\" data-widget_type=\"heading.default\">\n\t\t\t\t<div class=\"elementor-widget-container\">\n\t\t\t\t\t<h1 class=\"elementor-heading-title elementor-size-default\">Home \/ A Pet Pelo Mundo<\/h1>\t\t\t\t<\/div>\n\t\t\t\t<\/div>\n\t\t\t\t<\/div>\n\t\t<div class=\"elementor-element elementor-element-65ce1e4 e-con-full e-flex e-con e-child\" data-id=\"65ce1e4\" data-element_type=\"container\">\n\t\t\t\t<div class=\"elementor-element elementor-element-38bbfc0 elementor-widget elementor-widget-image\" data-id=\"38bbfc0\" data-element_type=\"widget\" data-widget_type=\"image.default\">\n\t\t\t\t<div class=\"elementor-widget-container\">\n\t\t\t\t\t\t\t\t\t\t\t\t\t\t\t<img fetchpriority=\"high\" decoding=\"async\" width=\"1009\" height=\"405\" src=\"https:\/\/projetos.formefor.com.br\/petpelomundo\/wp-content\/uploads\/2025\/01\/bg-a-pet-pelo-mundo.webp\" class=\"attachment-full size-full wp-image-142\" alt=\"\" srcset=\"https:\/\/projetos.formefor.com.br\/petpelomundo\/wp-content\/uploads\/2025\/01\/bg-a-pet-pelo-mundo.webp 1009w, https:\/\/projetos.formefor.com.br\/petpelomundo\/wp-content\/uploads\/2025\/01\/bg-a-pet-pelo-mundo-300x120.webp 300w, https:\/\/projetos.formefor.com.br\/petpelomundo\/wp-content\/uploads\/2025\/01\/bg-a-pet-pelo-mundo-768x308.webp 768w\" sizes=\"(max-width: 1009px) 100vw, 1009px\" \/>\t\t\t\t\t\t\t\t\t\t\t\t\t\t\t<\/div>\n\t\t\t\t<\/div>\n\t\t\t\t<\/div>\n\t\t\t\t\t<\/div>\n\t\t\t\t<\/div>\n\t\t<div class=\"elementor-element elementor-element-36d2f7a e-flex e-con-boxed e-con e-parent\" data-id=\"36d2f7a\" data-element_type=\"container\">\n\t\t\t\t\t<div class=\"e-con-inner\">\n\t\t<div class=\"elementor-element elementor-element-8cf817e e-con-full e-flex e-con e-child\" data-id=\"8cf817e\" data-element_type=\"container\">\n\t\t\t\t<div class=\"elementor-element elementor-element-9c97546 elementor-widget__width-initial elementor-invisible elementor-widget elementor-widget-heading\" data-id=\"9c97546\" data-element_type=\"widget\" data-settings=\"{&quot;_animation&quot;:&quot;fadeInUp&quot;}\" data-widget_type=\"heading.default\">\n\t\t\t\t<div class=\"elementor-widget-container\">\n\t\t\t\t\t<h2 class=\"elementor-heading-title elementor-size-default\">uma miss\u00e3o especial<\/h2>\t\t\t\t<\/div>\n\t\t\t\t<\/div>\n\t\t\t\t<div class=\"elementor-element elementor-element-92d71b8 elementor-widget__width-initial elementor-invisible elementor-widget elementor-widget-heading\" data-id=\"92d71b8\" data-element_type=\"widget\" data-settings=\"{&quot;_animation&quot;:&quot;fadeInUp&quot;}\" data-widget_type=\"heading.default\">\n\t\t\t\t<div class=\"elementor-widget-container\">\n\t\t\t\t\t<h1 class=\"elementor-heading-title elementor-size-default\">Como tudo come\u00e7ou<\/h1>\t\t\t\t<\/div>\n\t\t\t\t<\/div>\n\t\t\t\t<div class=\"elementor-element elementor-element-a1798d5 elementor-widget__width-initial elementor-invisible elementor-widget elementor-widget-text-editor\" data-id=\"a1798d5\" data-element_type=\"widget\" data-settings=\"{&quot;_animation&quot;:&quot;fadeInUp&quot;}\" data-widget_type=\"text-editor.default\">\n\t\t\t\t<div class=\"elementor-widget-container\">\n\t\t\t\t\t\t\t\t\t<p>A hist\u00f3ria da <strong>Pet Pelo Mundo<\/strong> come\u00e7ou em 2018 com um pedido que misturava afeto e desafio: preparar dois gatinhos para atravessarem o mundo rumo a Israel. Foi nesse momento que o Dr. Guilherme descobriu sua voca\u00e7\u00e3o, ao transformar o amor pelos animais em uma miss\u00e3o de vida \u2014 unir fam\u00edlias, rompendo fronteiras.<\/p><p>Da conex\u00e3o entre sonho e dedica\u00e7\u00e3o nasceu a Pet Pelo Mundo, uma ag\u00eancia especializada em transportar o que h\u00e1 de mais precioso: os la\u00e7os de amor entre pessoas e seus pets.<\/p>\t\t\t\t\t\t\t\t<\/div>\n\t\t\t\t<\/div>\n\t\t\t\t<\/div>\n\t\t<div class=\"elementor-element elementor-element-499e94d e-con-full e-flex e-con e-child\" data-id=\"499e94d\" data-element_type=\"container\">\n\t\t\t\t<div class=\"elementor-element elementor-element-af5e5cf elementor-invisible elementor-widget elementor-widget-image\" data-id=\"af5e5cf\" data-element_type=\"widget\" data-settings=\"{&quot;_animation&quot;:&quot;fadeInUp&quot;}\" data-widget_type=\"image.default\">\n\t\t\t\t<div class=\"elementor-widget-container\">\n\t\t\t\t\t\t\t\t\t\t\t\t\t\t\t<img decoding=\"async\" width=\"947\" height=\"881\" src=\"https:\/\/projetos.formefor.com.br\/petpelomundo\/wp-content\/uploads\/2025\/01\/img1-quem-somos.webp\" class=\"attachment-full size-full wp-image-163\" alt=\"\" srcset=\"https:\/\/projetos.formefor.com.br\/petpelomundo\/wp-content\/uploads\/2025\/01\/img1-quem-somos.webp 947w, https:\/\/projetos.formefor.com.br\/petpelomundo\/wp-content\/uploads\/2025\/01\/img1-quem-somos-300x279.webp 300w, https:\/\/projetos.formefor.com.br\/petpelomundo\/wp-content\/uploads\/2025\/01\/img1-quem-somos-768x714.webp 768w\" sizes=\"(max-width: 947px) 100vw, 947px\" \/>\t\t\t\t\t\t\t\t\t\t\t\t\t\t\t<\/div>\n\t\t\t\t<\/div>\n\t\t\t\t<\/div>\n\t\t\t\t\t<\/div>\n\t\t\t\t<\/div>\n\t\t<div class=\"elementor-element elementor-element-fa02d5b e-flex e-con-boxed e-con e-parent\" data-id=\"fa02d5b\" data-element_type=\"container\">\n\t\t\t\t\t<div class=\"e-con-inner\">\n\t\t<div class=\"elementor-element elementor-element-d75d17f e-con-full e-flex e-con e-child\" data-id=\"d75d17f\" data-element_type=\"container\">\n\t\t\t\t<div class=\"elementor-element elementor-element-e8eb166 elementor-invisible elementor-widget elementor-widget-image\" data-id=\"e8eb166\" data-element_type=\"widget\" data-settings=\"{&quot;_animation&quot;:&quot;fadeIn&quot;}\" data-widget_type=\"image.default\">\n\t\t\t\t<div class=\"elementor-widget-container\">\n\t\t\t\t\t\t\t\t\t\t\t\t\t\t\t<img decoding=\"async\" width=\"1058\" height=\"770\" src=\"https:\/\/projetos.formefor.com.br\/petpelomundo\/wp-content\/uploads\/2025\/01\/img2-quem-somos.webp\" class=\"attachment-full size-full wp-image-164\" alt=\"\" srcset=\"https:\/\/projetos.formefor.com.br\/petpelomundo\/wp-content\/uploads\/2025\/01\/img2-quem-somos.webp 1058w, https:\/\/projetos.formefor.com.br\/petpelomundo\/wp-content\/uploads\/2025\/01\/img2-quem-somos-300x218.webp 300w, https:\/\/projetos.formefor.com.br\/petpelomundo\/wp-content\/uploads\/2025\/01\/img2-quem-somos-1024x745.webp 1024w, https:\/\/projetos.formefor.com.br\/petpelomundo\/wp-content\/uploads\/2025\/01\/img2-quem-somos-768x559.webp 768w\" sizes=\"(max-width: 1058px) 100vw, 1058px\" \/>\t\t\t\t\t\t\t\t\t\t\t\t\t\t\t<\/div>\n\t\t\t\t<\/div>\n\t\t\t\t<\/div>\n\t\t<div class=\"elementor-element elementor-element-eb97c9d e-con-full e-flex e-con e-child\" data-id=\"eb97c9d\" data-element_type=\"container\">\n\t\t\t\t<div class=\"elementor-element elementor-element-0d00526 elementor-widget__width-initial elementor-invisible elementor-widget elementor-widget-text-editor\" data-id=\"0d00526\" data-element_type=\"widget\" data-settings=\"{&quot;_animation&quot;:&quot;fadeInUp&quot;}\" data-widget_type=\"text-editor.default\">\n\t\t\t\t<div class=\"elementor-widget-container\">\n\t\t\t\t\t\t\t\t\t<p>Nosso diferencial est\u00e1 no toque humano e na personaliza\u00e7\u00e3o. Cada detalhe \u00e9 cuidado com carinho, diretamente no lar do tutor, garantindo seguran\u00e7a e serenidade para todos.<\/p><p>Hoje, somos refer\u00eancia no Brasil, reconhecidos por consulados ao redor do mundo, como os dos Estados Unidos e Portugal. Mas o que realmente nos define \u00e9 o afeto que permeia cada jornada<\/p>\t\t\t\t\t\t\t\t<\/div>\n\t\t\t\t<\/div>\n\t\t\t\t<div class=\"elementor-element elementor-element-6ec76bd elementor-invisible elementor-widget elementor-widget-button\" data-id=\"6ec76bd\" data-element_type=\"widget\" data-settings=\"{&quot;_animation&quot;:&quot;fadeInUp&quot;}\" data-widget_type=\"button.default\">\n\t\t\t\t<div class=\"elementor-widget-container\">\n\t\t\t\t\t\t\t\t\t<div class=\"elementor-button-wrapper\">\n\t\t\t\t\t<a class=\"elementor-button elementor-button-link elementor-size-sm elementor-animation-grow\" href=\"https:\/\/projetos.formefor.com.br\/petpelomundo\/very-important-pet\/\">\n\t\t\t\t\t\t<span class=\"elementor-button-content-wrapper\">\n\t\t\t\t\t\t\t\t\t<span class=\"elementor-button-text\">conhe\u00e7a nossos servi\u00e7os<\/span>\n\t\t\t\t\t<\/span>\n\t\t\t\t\t<\/a>\n\t\t\t\t<\/div>\n\t\t\t\t\t\t\t\t<\/div>\n\t\t\t\t<\/div>\n\t\t\t\t<\/div>\n\t\t\t\t\t<\/div>\n\t\t\t\t<\/div>\n\t\t<div class=\"elementor-element elementor-element-61c62e9 e-flex e-con-boxed e-con e-parent\" data-id=\"61c62e9\" data-element_type=\"container\">\n\t\t\t\t\t<div class=\"e-con-inner\">\n\t\t\t\t<div class=\"elementor-element elementor-element-0aec185 elementor-widget__width-initial elementor-invisible elementor-widget elementor-widget-heading\" data-id=\"0aec185\" data-element_type=\"widget\" data-settings=\"{&quot;_animation&quot;:&quot;fadeIn&quot;}\" data-widget_type=\"heading.default\">\n\t\t\t\t<div class=\"elementor-widget-container\">\n\t\t\t\t\t<h1 class=\"elementor-heading-title elementor-size-default\">Pet Pelo Mundo: amor que rompe fronteiras.<\/h1>\t\t\t\t<\/div>\n\t\t\t\t<\/div>\n\t\t\t\t\t<\/div>\n\t\t\t\t<\/div>\n\t\t<div class=\"elementor-element elementor-element-5566b54 e-con-full e-flex elementor-invisible e-con e-parent\" data-id=\"5566b54\" data-element_type=\"container\" data-settings=\"{&quot;animation&quot;:&quot;fadeInUp&quot;}\">\n\t\t\t\t<div class=\"elementor-element elementor-element-c502f8a elementor-widget elementor-widget-image\" data-id=\"c502f8a\" data-element_type=\"widget\" data-widget_type=\"image.default\">\n\t\t\t\t<div class=\"elementor-widget-container\">\n\t\t\t\t\t\t\t\t\t\t\t\t\t\t\t<img loading=\"lazy\" decoding=\"async\" width=\"1416\" height=\"470\" src=\"https:\/\/projetos.formefor.com.br\/petpelomundo\/wp-content\/uploads\/2025\/01\/banner1-quem-somos.webp\" class=\"attachment-full size-full wp-image-192\" alt=\"\" srcset=\"https:\/\/projetos.formefor.com.br\/petpelomundo\/wp-content\/uploads\/2025\/01\/banner1-quem-somos.webp 1416w, https:\/\/projetos.formefor.com.br\/petpelomundo\/wp-content\/uploads\/2025\/01\/banner1-quem-somos-300x100.webp 300w, https:\/\/projetos.formefor.com.br\/petpelomundo\/wp-content\/uploads\/2025\/01\/banner1-quem-somos-1024x340.webp 1024w, https:\/\/projetos.formefor.com.br\/petpelomundo\/wp-content\/uploads\/2025\/01\/banner1-quem-somos-768x255.webp 768w\" sizes=\"(max-width: 1416px) 100vw, 1416px\" \/>\t\t\t\t\t\t\t\t\t\t\t\t\t\t\t<\/div>\n\t\t\t\t<\/div>\n\t\t\t\t<div class=\"elementor-element elementor-element-665afa7 elementor-widget elementor-widget-image\" data-id=\"665afa7\" data-element_type=\"widget\" data-settings=\"{&quot;_animation&quot;:&quot;none&quot;}\" data-widget_type=\"image.default\">\n\t\t\t\t<div class=\"elementor-widget-container\">\n\t\t\t\t\t\t\t\t\t\t\t\t\t\t\t<img loading=\"lazy\" decoding=\"async\" width=\"1416\" height=\"470\" src=\"https:\/\/projetos.formefor.com.br\/petpelomundo\/wp-content\/uploads\/2025\/01\/banner2-quem-somos.webp\" class=\"attachment-full size-full wp-image-193\" alt=\"\" srcset=\"https:\/\/projetos.formefor.com.br\/petpelomundo\/wp-content\/uploads\/2025\/01\/banner2-quem-somos.webp 1416w, https:\/\/projetos.formefor.com.br\/petpelomundo\/wp-content\/uploads\/2025\/01\/banner2-quem-somos-300x100.webp 300w, https:\/\/projetos.formefor.com.br\/petpelomundo\/wp-content\/uploads\/2025\/01\/banner2-quem-somos-1024x340.webp 1024w, https:\/\/projetos.formefor.com.br\/petpelomundo\/wp-content\/uploads\/2025\/01\/banner2-quem-somos-768x255.webp 768w\" sizes=\"(max-width: 1416px) 100vw, 1416px\" \/>\t\t\t\t\t\t\t\t\t\t\t\t\t\t\t<\/div>\n\t\t\t\t<\/div>\n\t\t\t\t<\/div>\n\t\t<div class=\"elementor-element elementor-element-bad7d45 e-con-full e-flex e-con e-parent\" data-id=\"bad7d45\" data-element_type=\"container\" data-settings=\"{&quot;background_background&quot;:&quot;classic&quot;}\">\n\t\t<div class=\"elementor-element elementor-element-b5712fb e-con-full e-flex e-con e-child\" data-id=\"b5712fb\" data-element_type=\"container\">\n\t\t\t\t<div class=\"elementor-element elementor-element-5cb39f7 elementor-invisible elementor-widget elementor-widget-image\" data-id=\"5cb39f7\" data-element_type=\"widget\" data-settings=\"{&quot;_animation&quot;:&quot;fadeIn&quot;}\" data-widget_type=\"image.default\">\n\t\t\t\t<div class=\"elementor-widget-container\">\n\t\t\t\t\t\t\t\t\t\t\t\t\t\t\t<img loading=\"lazy\" decoding=\"async\" width=\"860\" height=\"876\" src=\"https:\/\/projetos.formefor.com.br\/petpelomundo\/wp-content\/uploads\/2025\/01\/dr-guilherme-benckenstein.webp\" class=\"attachment-full size-full wp-image-211\" alt=\"\" srcset=\"https:\/\/projetos.formefor.com.br\/petpelomundo\/wp-content\/uploads\/2025\/01\/dr-guilherme-benckenstein.webp 860w, https:\/\/projetos.formefor.com.br\/petpelomundo\/wp-content\/uploads\/2025\/01\/dr-guilherme-benckenstein-295x300.webp 295w, https:\/\/projetos.formefor.com.br\/petpelomundo\/wp-content\/uploads\/2025\/01\/dr-guilherme-benckenstein-768x782.webp 768w\" sizes=\"(max-width: 860px) 100vw, 860px\" \/>\t\t\t\t\t\t\t\t\t\t\t\t\t\t\t<\/div>\n\t\t\t\t<\/div>\n\t\t\t\t<\/div>\n\t\t<div class=\"elementor-element elementor-element-d2028f2 e-con-full e-flex e-con e-child\" data-id=\"d2028f2\" data-element_type=\"container\">\n\t\t\t\t<div class=\"elementor-element elementor-element-102fe3a elementor-widget__width-inherit elementor-invisible elementor-widget elementor-widget-heading\" data-id=\"102fe3a\" data-element_type=\"widget\" data-settings=\"{&quot;_animation&quot;:&quot;fadeInUp&quot;}\" data-widget_type=\"heading.default\">\n\t\t\t\t<div class=\"elementor-widget-container\">\n\t\t\t\t\t<h1 class=\"elementor-heading-title elementor-size-default\">Dr. Guilherme Benckenstein<\/h1>\t\t\t\t<\/div>\n\t\t\t\t<\/div>\n\t\t\t\t<div class=\"elementor-element elementor-element-9aadd3c elementor-widget__width-inherit elementor-invisible elementor-widget elementor-widget-heading\" data-id=\"9aadd3c\" data-element_type=\"widget\" data-settings=\"{&quot;_animation&quot;:&quot;fadeInUp&quot;}\" data-widget_type=\"heading.default\">\n\t\t\t\t<div class=\"elementor-widget-container\">\n\t\t\t\t\t<h2 class=\"elementor-heading-title elementor-size-default\">Cirurgi\u00e3o Veterin\u00e1rio<\/h2>\t\t\t\t<\/div>\n\t\t\t\t<\/div>\n\t\t\t\t<div class=\"elementor-element elementor-element-3e900fb elementor-widget__width-initial elementor-invisible elementor-widget elementor-widget-text-editor\" data-id=\"3e900fb\" data-element_type=\"widget\" data-settings=\"{&quot;_animation&quot;:&quot;fadeInUp&quot;}\" data-widget_type=\"text-editor.default\">\n\t\t\t\t<div class=\"elementor-widget-container\">\n\t\t\t\t\t\t\t\t\t<p>Guilherme Benckenstein \u00e9 m\u00e9dico veterin\u00e1rio, formado em 2014 pela Faculdade Anhanguera de Niter\u00f3i. Especialista em cirurgia veterin\u00e1ria, ele tamb\u00e9m se destaca como palestrante e ativista apaixonado pela causa animal.<\/p><p>Al\u00e9m de seu trabalho cl\u00ednico, Guilherme \u00e9 cofundador da ONG <strong>PAAR (Projeto Amigo dos Animais de Rua)<\/strong>, onde atua em prol dos direitos dos animais em situa\u00e7\u00e3o de vulnerabilidade. Firme defensor da medicina preventiva, ele acredita que cuidado e preven\u00e7\u00e3o s\u00e3o as chaves para garantir a sa\u00fade e o bem-estar dos pets, promovendo uma vida longa e feliz ao lado de suas fam\u00edlias.<\/p>\t\t\t\t\t\t\t\t<\/div>\n\t\t\t\t<\/div>\n\t\t\t\t<div class=\"elementor-element elementor-element-d372563 elementor-shape-rounded elementor-grid-0 e-grid-align-center elementor-invisible elementor-widget elementor-widget-social-icons\" data-id=\"d372563\" data-element_type=\"widget\" data-settings=\"{&quot;_animation&quot;:&quot;fadeInUp&quot;}\" data-widget_type=\"social-icons.default\">\n\t\t\t\t<div class=\"elementor-widget-container\">\n\t\t\t\t\t\t\t<div class=\"elementor-social-icons-wrapper elementor-grid\">\n\t\t\t\t\t\t\t<span class=\"elementor-grid-item\">\n\t\t\t\t\t<a class=\"elementor-icon elementor-social-icon elementor-social-icon- elementor-repeater-item-5721b6d\" href=\"https:\/\/www.instagram.com\/vetbenckenstein\/\" target=\"_blank\">\n\t\t\t\t\t\t<span class=\"elementor-screen-only\"><\/span>\n\t\t\t\t\t\t<svg xmlns=\"http:\/\/www.w3.org\/2000\/svg\" width=\"29\" height=\"28\" viewBox=\"0 0 29 28\" fill=\"none\"><path d=\"M21.1459 7.58337H21.158M8.45841 2.33337H20.5417C23.8785 2.33337 26.5834 4.94505 26.5834 8.16671V19.8334C26.5834 23.055 23.8785 25.6667 20.5417 25.6667H8.45841C5.12169 25.6667 2.41675 23.055 2.41675 19.8334V8.16671C2.41675 4.94505 5.12169 2.33337 8.45841 2.33337ZM19.3334 13.265C19.4825 14.236 19.3108 15.2276 18.8425 16.0989C18.3743 16.9702 17.6335 17.6767 16.7254 18.118C15.8173 18.5593 14.7882 18.7129 13.7845 18.557C12.7808 18.401 11.8535 17.9435 11.1347 17.2494C10.4158 16.5553 9.94192 15.6601 9.78041 14.691C9.6189 13.7219 9.77799 12.7282 10.2351 11.8515C10.6921 10.9747 11.4239 10.2594 12.3263 9.80732C13.2287 9.35524 14.2557 9.18939 15.2613 9.33337C16.2871 9.48024 17.2368 9.94175 17.97 10.6497C18.7033 11.3577 19.1813 12.2746 19.3334 13.265Z\" stroke=\"#1F3D68\" stroke-width=\"2\" stroke-linecap=\"round\" stroke-linejoin=\"round\"><\/path><\/svg>\t\t\t\t\t<\/a>\n\t\t\t\t<\/span>\n\t\t\t\t\t<\/div>\n\t\t\t\t\t\t<\/div>\n\t\t\t\t<\/div>\n\t\t\t\t<\/div>\n\t\t\t\t<\/div>\n\t\t<div class=\"elementor-element elementor-element-fdccd1e e-flex e-con-boxed e-con e-parent\" data-id=\"fdccd1e\" data-element_type=\"container\">\n\t\t\t\t\t<div class=\"e-con-inner\">\n\t\t\t\t<div class=\"elementor-element elementor-element-4bf86f1 elementor-invisible elementor-widget elementor-widget-image\" data-id=\"4bf86f1\" data-element_type=\"widget\" data-settings=\"{&quot;_animation&quot;:&quot;fadeIn&quot;}\" data-widget_type=\"image.default\">\n\t\t\t\t<div class=\"elementor-widget-container\">\n\t\t\t\t\t\t\t\t\t\t\t\t\t\t\t<img loading=\"lazy\" decoding=\"async\" width=\"1291\" height=\"237\" src=\"https:\/\/projetos.formefor.com.br\/petpelomundo\/wp-content\/uploads\/2025\/01\/secao-siga.png\" class=\"attachment-full size-full wp-image-83\" alt=\"\" srcset=\"https:\/\/projetos.formefor.com.br\/petpelomundo\/wp-content\/uploads\/2025\/01\/secao-siga.png 1291w, https:\/\/projetos.formefor.com.br\/petpelomundo\/wp-content\/uploads\/2025\/01\/secao-siga-300x55.png 300w, https:\/\/projetos.formefor.com.br\/petpelomundo\/wp-content\/uploads\/2025\/01\/secao-siga-1024x188.png 1024w, https:\/\/projetos.formefor.com.br\/petpelomundo\/wp-content\/uploads\/2025\/01\/secao-siga-768x141.png 768w\" sizes=\"(max-width: 1291px) 100vw, 1291px\" \/>\t\t\t\t\t\t\t\t\t\t\t\t\t\t\t<\/div>\n\t\t\t\t<\/div>\n\t\t\t\t\t<\/div>\n\t\t\t\t<\/div>\n\t\t\t\t<\/div>\n\t\t","protected":false},"excerpt":{"rendered":"<p>A Pet Pelo Mundo Home \/ A Pet Pelo Mundo uma miss\u00e3o especial Como tudo come\u00e7ou A hist\u00f3ria da Pet Pelo Mundo come\u00e7ou em 2018 com um pedido que misturava afeto e desafio: preparar dois gatinhos para atravessarem o mundo rumo a Israel. Foi nesse momento que o Dr. Guilherme descobriu sua voca\u00e7\u00e3o, ao transformar [&hellip;]<\/p>\n","protected":false},"author":1,"featured_media":0,"parent":0,"menu_order":0,"comment_status":"closed","ping_status":"closed","template":"","meta":{"_acf_changed":false,"_joinchat":[],"footnotes":""},"class_list":["post-138","page","type-page","status-publish","hentry"],"acf":[],"_links":{"self":[{"href":"https:\/\/projetos.formefor.com.br\/petpelomundo\/wp-json\/wp\/v2\/pages\/138","targetHints":{"allow":["GET"]}}],"collection":[{"href":"https:\/\/projetos.formefor.com.br\/petpelomundo\/wp-json\/wp\/v2\/pages"}],"about":[{"href":"https:\/\/projetos.formefor.com.br\/petpelomundo\/wp-json\/wp\/v2\/types\/page"}],"author":[{"embeddable":true,"href":"https:\/\/projetos.formefor.com.br\/petpelomundo\/wp-json\/wp\/v2\/users\/1"}],"replies":[{"embeddable":true,"href":"https:\/\/projetos.formefor.com.br\/petpelomundo\/wp-json\/wp\/v2\/comments?post=138"}],"version-history":[{"count":92,"href":"https:\/\/projetos.formefor.com.br\/petpelomundo\/wp-json\/wp\/v2\/pages\/138\/revisions"}],"predecessor-version":[{"id":1033,"href":"https:\/\/projetos.formefor.com.br\/petpelomundo\/wp-json\/wp\/v2\/pages\/138\/revisions\/1033"}],"wp:attachment":[{"href":"https:\/\/projetos.formefor.com.br\/petpelomundo\/wp-json\/wp\/v2\/media?parent=138"}],"curies":[{"name":"wp","href":"https:\/\/api.w.org\/{rel}","templated":true}]}}