{"id":618,"date":"2025-01-21T13:03:27","date_gmt":"2025-01-21T16:03:27","guid":{"rendered":"https:\/\/projetos.formefor.com.br\/petpelomundo\/?page_id=618"},"modified":"2025-01-23T14:47:11","modified_gmt":"2025-01-23T17:47:11","slug":"blog","status":"publish","type":"page","link":"https:\/\/projetos.formefor.com.br\/petpelomundo\/blog\/","title":{"rendered":"Blog"},"content":{"rendered":"\t\t<div data-elementor-type=\"wp-post\" data-elementor-id=\"618\" class=\"elementor elementor-618\">\n\t\t\t\t<div class=\"elementor-element elementor-element-4336bee e-flex e-con-boxed e-con e-parent\" data-id=\"4336bee\" data-element_type=\"container\" data-settings=\"{&quot;background_background&quot;:&quot;classic&quot;}\">\n\t\t\t\t\t<div class=\"e-con-inner\">\n\t\t<div class=\"elementor-element elementor-element-cee9c3a e-con-full e-flex e-con e-child\" data-id=\"cee9c3a\" data-element_type=\"container\">\n\t\t\t\t<div class=\"elementor-element elementor-element-7b11360 elementor-widget elementor-widget-heading\" data-id=\"7b11360\" data-element_type=\"widget\" data-widget_type=\"heading.default\">\n\t\t\t\t<div class=\"elementor-widget-container\">\n\t\t\t\t\t<h1 class=\"elementor-heading-title elementor-size-default\">Blog<\/h1>\t\t\t\t<\/div>\n\t\t\t\t<\/div>\n\t\t\t\t<div class=\"elementor-element elementor-element-77d8467 elementor-widget elementor-widget-heading\" data-id=\"77d8467\" data-element_type=\"widget\" data-widget_type=\"heading.default\">\n\t\t\t\t<div class=\"elementor-widget-container\">\n\t\t\t\t\t<h1 class=\"elementor-heading-title elementor-size-default\">Home \/ Blog<\/h1>\t\t\t\t<\/div>\n\t\t\t\t<\/div>\n\t\t\t\t<\/div>\n\t\t<div class=\"elementor-element elementor-element-65ce1e4 e-con-full e-flex e-con e-child\" data-id=\"65ce1e4\" data-element_type=\"container\">\n\t\t\t\t<div class=\"elementor-element elementor-element-38bbfc0 elementor-widget elementor-widget-image\" data-id=\"38bbfc0\" data-element_type=\"widget\" data-widget_type=\"image.default\">\n\t\t\t\t<div class=\"elementor-widget-container\">\n\t\t\t\t\t\t\t\t\t\t\t\t\t\t\t<img fetchpriority=\"high\" decoding=\"async\" width=\"962\" height=\"571\" src=\"https:\/\/projetos.formefor.com.br\/petpelomundo\/wp-content\/uploads\/2025\/01\/banner-blog.webp\" class=\"attachment-full size-full wp-image-648\" alt=\"\" srcset=\"https:\/\/projetos.formefor.com.br\/petpelomundo\/wp-content\/uploads\/2025\/01\/banner-blog.webp 962w, https:\/\/projetos.formefor.com.br\/petpelomundo\/wp-content\/uploads\/2025\/01\/banner-blog-300x178.webp 300w, https:\/\/projetos.formefor.com.br\/petpelomundo\/wp-content\/uploads\/2025\/01\/banner-blog-768x456.webp 768w\" sizes=\"(max-width: 962px) 100vw, 962px\" \/>\t\t\t\t\t\t\t\t\t\t\t\t\t\t\t<\/div>\n\t\t\t\t<\/div>\n\t\t\t\t<\/div>\n\t\t\t\t\t<\/div>\n\t\t\t\t<\/div>\n\t\t<div class=\"elementor-element elementor-element-65f3446 e-flex e-con-boxed e-con e-parent\" data-id=\"65f3446\" data-element_type=\"container\">\n\t\t\t\t\t<div class=\"e-con-inner\">\n\t\t\t\t<div class=\"elementor-element elementor-element-c226805 elementor-invisible elementor-widget elementor-widget-shortcode\" data-id=\"c226805\" data-element_type=\"widget\" data-settings=\"{&quot;_animation&quot;:&quot;fadeInUp&quot;}\" data-widget_type=\"shortcode.default\">\n\t\t\t\t<div class=\"elementor-widget-container\">\n\t\t\t\t\t\n\t  <section class=\"gridBlog\">\t\t\t\t\t\n\t\t  <div class=\"itemBlog\">\n\t\t\t\t        <a href=\"https:\/\/projetos.formefor.com.br\/petpelomundo\/lei-aprovada-mais-direitos-para-quem-precisa\/\"><div class=\"imgBlog\" style=\"background-image:url(https:\/\/projetos.formefor.com.br\/petpelomundo\/wp-content\/uploads\/2025\/01\/veja-como-viajar-de-aviao-com-cachorro-de-suporte-emocional-1-e1737737120265.jpg);\" alt=\"Lei Aprovada: Mais Direitos para Quem Precisa\"><\/div><\/a>\t\n\t\t\t\t        <div class=\"contentPost\"><span>24 de janeiro de 2025<\/span>\t\t\t\n                          <a href=\"https:\/\/projetos.formefor.com.br\/petpelomundo\/lei-aprovada-mais-direitos-para-quem-precisa\/\"><h2>Lei Aprovada: Mais Direitos para Quem Precisa<\/label><\/a>\n\t\t\t\t\t\t  <p>No dia 29 de agosto de 2024, o estado do Rio de Janeiro deu um importante passo em dire\u00e7\u00e3o \u00e0 inclus\u00e3o e ao respeito ao bem-estar emocional com a aprova\u00e7\u00e3o da Lei N\u00ba 10.489. Agora, o transporte de animais de assist\u00eancia emocional e animais de servi\u00e7o nas cabines de aeronaves \u00e9 um direito garantido, proporcionando [&hellip;]<\/p>\n\t\t\t\t\t\t  <a href=\"https:\/\/projetos.formefor.com.br\/petpelomundo\/lei-aprovada-mais-direitos-para-quem-precisa\/\" class=\"leia-mais\">leia mais<\/a>\n\t\t\t\t\t\t<\/div>\n\t\t\t\t      <\/div><div class=\"itemBlog\">\n\t\t\t\t        <a href=\"https:\/\/projetos.formefor.com.br\/petpelomundo\/transporte-aereo-de-animais-avancos-e-desafios-com-o-plano-pata\/\"><div class=\"imgBlog\" style=\"background-image:url(https:\/\/projetos.formefor.com.br\/petpelomundo\/wp-content\/uploads\/2025\/01\/como-viajar-de-aviao-com-o-pet-descubra-regras-e-precos-1-1-e1737737164248.jpeg);\" alt=\"Transporte A\u00e9reo de Animais: Avan\u00e7os e Desafios com o Plano PATA\"><\/div><\/a>\t\n\t\t\t\t        <div class=\"contentPost\"><span>24 de janeiro de 2025<\/span>\t\t\t\n                          <a href=\"https:\/\/projetos.formefor.com.br\/petpelomundo\/transporte-aereo-de-animais-avancos-e-desafios-com-o-plano-pata\/\"><h2>Transporte A\u00e9reo de Animais: Avan\u00e7os e Desafios com o Plano PATA<\/label><\/a>\n\t\t\t\t\t\t  <p>C\u00e3es e gatos embarcam diariamente em voos comerciais no Brasil e no mundo, carregando consigo hist\u00f3rias e afetos. Reconhecidos pela ci\u00eancia como seres sens\u00edveis e conscientes...<\/p>\n\t\t\t\t\t\t  <a href=\"https:\/\/projetos.formefor.com.br\/petpelomundo\/transporte-aereo-de-animais-avancos-e-desafios-com-o-plano-pata\/\" class=\"leia-mais\">leia mais<\/a>\n\t\t\t\t\t\t<\/div>\n\t\t\t\t      <\/div>\t  <\/section>\t\n\n\t\t<div class=\"elementor-shortcode\"><\/div>\n\t\t\t\t\t\t<\/div>\n\t\t\t\t<\/div>\n\t\t\t\t\t<\/div>\n\t\t\t\t<\/div>\n\t\t\t\t<\/div>\n\t\t","protected":false},"excerpt":{"rendered":"<p>Blog Home \/ Blog<\/p>\n","protected":false},"author":1,"featured_media":0,"parent":0,"menu_order":0,"comment_status":"closed","ping_status":"closed","template":"","meta":{"_acf_changed":false,"_joinchat":[],"footnotes":""},"class_list":["post-618","page","type-page","status-publish","hentry"],"acf":[],"_links":{"self":[{"href":"https:\/\/projetos.formefor.com.br\/petpelomundo\/wp-json\/wp\/v2\/pages\/618","targetHints":{"allow":["GET"]}}],"collection":[{"href":"https:\/\/projetos.formefor.com.br\/petpelomundo\/wp-json\/wp\/v2\/pages"}],"about":[{"href":"https:\/\/projetos.formefor.com.br\/petpelomundo\/wp-json\/wp\/v2\/types\/page"}],"author":[{"embeddable":true,"href":"https:\/\/projetos.formefor.com.br\/petpelomundo\/wp-json\/wp\/v2\/users\/1"}],"replies":[{"embeddable":true,"href":"https:\/\/projetos.formefor.com.br\/petpelomundo\/wp-json\/wp\/v2\/comments?post=618"}],"version-history":[{"count":26,"href":"https:\/\/projetos.formefor.com.br\/petpelomundo\/wp-json\/wp\/v2\/pages\/618\/revisions"}],"predecessor-version":[{"id":829,"href":"https:\/\/projetos.formefor.com.br\/petpelomundo\/wp-json\/wp\/v2\/pages\/618\/revisions\/829"}],"wp:attachment":[{"href":"https:\/\/projetos.formefor.com.br\/petpelomundo\/wp-json\/wp\/v2\/media?parent=618"}],"curies":[{"name":"wp","href":"https:\/\/api.w.org\/{rel}","templated":true}]}}