{"id":956,"date":"2025-04-07T19:05:06","date_gmt":"2025-04-07T22:05:06","guid":{"rendered":"https:\/\/projetos.formefor.com.br\/petpelomundo\/?page_id=956"},"modified":"2025-04-08T13:00:10","modified_gmt":"2025-04-08T16:00:10","slug":"servico-veterinario-especializado","status":"publish","type":"page","link":"https:\/\/projetos.formefor.com.br\/petpelomundo\/servico-veterinario-especializado\/","title":{"rendered":"Servi\u00e7o Veterin\u00e1rio Especializado"},"content":{"rendered":"\t\t<div data-elementor-type=\"wp-post\" data-elementor-id=\"956\" class=\"elementor elementor-956\">\n\t\t\t\t<div class=\"elementor-element elementor-element-4336bee e-flex e-con-boxed e-con e-parent\" data-id=\"4336bee\" data-element_type=\"container\" data-settings=\"{&quot;background_background&quot;:&quot;classic&quot;}\">\n\t\t\t\t\t<div class=\"e-con-inner\">\n\t\t<div class=\"elementor-element elementor-element-cee9c3a e-con-full e-flex e-con e-child\" data-id=\"cee9c3a\" data-element_type=\"container\">\n\t\t\t\t<div class=\"elementor-element elementor-element-7b11360 elementor-widget elementor-widget-heading\" data-id=\"7b11360\" data-element_type=\"widget\" data-widget_type=\"heading.default\">\n\t\t\t\t<div class=\"elementor-widget-container\">\n\t\t\t\t\t<h1 class=\"elementor-heading-title elementor-size-default\">Servi\u00e7os Veterin\u00e1rios Especializados<\/h1>\t\t\t\t<\/div>\n\t\t\t\t<\/div>\n\t\t\t\t<\/div>\n\t\t<div class=\"elementor-element elementor-element-65ce1e4 e-con-full e-flex e-con e-child\" data-id=\"65ce1e4\" data-element_type=\"container\">\n\t\t\t\t<div class=\"elementor-element elementor-element-38bbfc0 elementor-widget elementor-widget-image\" data-id=\"38bbfc0\" data-element_type=\"widget\" data-widget_type=\"image.default\">\n\t\t\t\t<div class=\"elementor-widget-container\">\n\t\t\t\t\t\t\t\t\t\t\t\t\t\t\t<img fetchpriority=\"high\" decoding=\"async\" width=\"1362\" height=\"536\" src=\"https:\/\/projetos.formefor.com.br\/petpelomundo\/wp-content\/uploads\/2025\/01\/banner-planejamento-personalizado.webp\" class=\"attachment-full size-full wp-image-329\" alt=\"\" srcset=\"https:\/\/projetos.formefor.com.br\/petpelomundo\/wp-content\/uploads\/2025\/01\/banner-planejamento-personalizado.webp 1362w, https:\/\/projetos.formefor.com.br\/petpelomundo\/wp-content\/uploads\/2025\/01\/banner-planejamento-personalizado-300x118.webp 300w, https:\/\/projetos.formefor.com.br\/petpelomundo\/wp-content\/uploads\/2025\/01\/banner-planejamento-personalizado-1024x403.webp 1024w, https:\/\/projetos.formefor.com.br\/petpelomundo\/wp-content\/uploads\/2025\/01\/banner-planejamento-personalizado-768x302.webp 768w\" sizes=\"(max-width: 1362px) 100vw, 1362px\" \/>\t\t\t\t\t\t\t\t\t\t\t\t\t\t\t<\/div>\n\t\t\t\t<\/div>\n\t\t\t\t<\/div>\n\t\t\t\t\t<\/div>\n\t\t\t\t<\/div>\n\t\t<div class=\"elementor-element elementor-element-49554c0 e-flex e-con-boxed e-con e-parent\" data-id=\"49554c0\" data-element_type=\"container\">\n\t\t\t\t\t<div class=\"e-con-inner\">\n\t\t<div class=\"elementor-element elementor-element-85a4a82 e-con-full e-flex e-con e-child\" data-id=\"85a4a82\" data-element_type=\"container\">\n\t\t\t\t<div class=\"elementor-element elementor-element-0ffe3b2 elementor-invisible elementor-widget elementor-widget-image\" data-id=\"0ffe3b2\" data-element_type=\"widget\" data-settings=\"{&quot;_animation&quot;:&quot;fadeIn&quot;}\" data-widget_type=\"image.default\">\n\t\t\t\t<div class=\"elementor-widget-container\">\n\t\t\t\t\t\t\t\t\t\t\t\t\t\t\t<img decoding=\"async\" width=\"1185\" height=\"656\" src=\"https:\/\/projetos.formefor.com.br\/petpelomundo\/wp-content\/uploads\/2025\/04\/servico-vet-especializado.png\" class=\"attachment-full size-full wp-image-1000\" alt=\"\" srcset=\"https:\/\/projetos.formefor.com.br\/petpelomundo\/wp-content\/uploads\/2025\/04\/servico-vet-especializado.png 1185w, https:\/\/projetos.formefor.com.br\/petpelomundo\/wp-content\/uploads\/2025\/04\/servico-vet-especializado-300x166.png 300w, https:\/\/projetos.formefor.com.br\/petpelomundo\/wp-content\/uploads\/2025\/04\/servico-vet-especializado-1024x567.png 1024w, https:\/\/projetos.formefor.com.br\/petpelomundo\/wp-content\/uploads\/2025\/04\/servico-vet-especializado-768x425.png 768w\" sizes=\"(max-width: 1185px) 100vw, 1185px\" \/>\t\t\t\t\t\t\t\t\t\t\t\t\t\t\t<\/div>\n\t\t\t\t<\/div>\n\t\t\t\t<div class=\"elementor-element elementor-element-92d71b8 elementor-widget-mobile__width-initial elementor-invisible elementor-widget elementor-widget-heading\" data-id=\"92d71b8\" data-element_type=\"widget\" data-settings=\"{&quot;_animation&quot;:&quot;fadeInUp&quot;}\" data-widget_type=\"heading.default\">\n\t\t\t\t<div class=\"elementor-widget-container\">\n\t\t\t\t\t<h1 class=\"elementor-heading-title elementor-size-default\">Servi\u00e7os Veterin\u00e1rios Especializados<\/h1>\t\t\t\t<\/div>\n\t\t\t\t<\/div>\n\t\t\t\t<div class=\"elementor-element elementor-element-c5f8598 elementor-invisible elementor-widget elementor-widget-text-editor\" data-id=\"c5f8598\" data-element_type=\"widget\" data-settings=\"{&quot;_animation&quot;:&quot;fadeInUp&quot;}\" data-widget_type=\"text-editor.default\">\n\t\t\t\t<div class=\"elementor-widget-container\">\n\t\t\t\t\t\t\t\t\t<p class=\"\" data-start=\"402\" data-end=\"535\">Nem toda viagem come\u00e7a com um embarque. Algumas come\u00e7am com um imprevisto \u2014 e \u00e9 a\u00ed que entra o atendimento veterin\u00e1rio especializado.<\/p>\t\t\t\t\t\t\t\t<\/div>\n\t\t\t\t<\/div>\n\t\t\t\t<div class=\"elementor-element elementor-element-81cc8e9 elementor-invisible elementor-widget elementor-widget-text-editor\" data-id=\"81cc8e9\" data-element_type=\"widget\" data-settings=\"{&quot;_animation&quot;:&quot;fadeInUp&quot;}\" data-widget_type=\"text-editor.default\">\n\t\t\t\t<div class=\"elementor-widget-container\">\n\t\t\t\t\t\t\t\t\t<p class=\"\" data-start=\"402\" data-end=\"535\">\u00a0<\/p><p class=\"\" data-start=\"537\" data-end=\"905\">Seja por uma rea\u00e7\u00e3o inesperada a uma vacina, uma indisposi\u00e7\u00e3o na v\u00e9spera da viagem ou uma avalia\u00e7\u00e3o final no desembarque, oferecemos suporte cl\u00ednico imediato por profissionais habilitados. Nossos parceiros veterin\u00e1rios est\u00e3o prontos para agir em situa\u00e7\u00f5es emergenciais, garantindo que o pet esteja saud\u00e1vel, seguro e apto a seguir viagem (ou a aproveitar a nova casa).<\/p><p class=\"\" data-start=\"907\" data-end=\"1038\">Esse servi\u00e7o \u00e9 o ponto de apoio entre a rotina do animal e a mudan\u00e7a de pa\u00eds \u2014 um cuidado a mais para que nada fique fora do lugar.<\/p>\t\t\t\t\t\t\t\t<\/div>\n\t\t\t\t<\/div>\n\t\t\t\t<div class=\"elementor-element elementor-element-4e1090b elementor-align-left elementor-invisible elementor-widget elementor-widget-button\" data-id=\"4e1090b\" data-element_type=\"widget\" data-settings=\"{&quot;_animation&quot;:&quot;fadeInUp&quot;}\" data-widget_type=\"button.default\">\n\t\t\t\t<div class=\"elementor-widget-container\">\n\t\t\t\t\t\t\t\t\t<div class=\"elementor-button-wrapper\">\n\t\t\t\t\t<a class=\"elementor-button elementor-button-link elementor-size-sm elementor-animation-grow\" href=\"https:\/\/projetos.formefor.com.br\/petpelomundo\/contato\">\n\t\t\t\t\t\t<span class=\"elementor-button-content-wrapper\">\n\t\t\t\t\t\t\t\t\t<span class=\"elementor-button-text\">entre em contato<\/span>\n\t\t\t\t\t<\/span>\n\t\t\t\t\t<\/a>\n\t\t\t\t<\/div>\n\t\t\t\t\t\t\t\t<\/div>\n\t\t\t\t<\/div>\n\t\t\t\t<\/div>\n\t\t<div class=\"elementor-element elementor-element-e8f76e4 e-con-full e-flex e-con e-child\" data-id=\"e8f76e4\" data-element_type=\"container\">\n\t\t<div class=\"elementor-element elementor-element-2bf2097 e-con-full e-flex e-con e-child\" data-id=\"2bf2097\" data-element_type=\"container\">\n\t\t\t\t<div class=\"elementor-element elementor-element-7f0f938 elementor-widget-mobile__width-initial elementor-invisible elementor-widget elementor-widget-heading\" data-id=\"7f0f938\" data-element_type=\"widget\" data-settings=\"{&quot;_animation&quot;:&quot;fadeInUp&quot;}\" data-widget_type=\"heading.default\">\n\t\t\t\t<div class=\"elementor-widget-container\">\n\t\t\t\t\t<h1 class=\"elementor-heading-title elementor-size-default\">Nossos servi\u00e7os<\/h1>\t\t\t\t<\/div>\n\t\t\t\t<\/div>\n\t\t\t\t<div class=\"elementor-element elementor-element-1cbe111 elementor-invisible elementor-widget elementor-widget-shortcode\" data-id=\"1cbe111\" data-element_type=\"widget\" data-settings=\"{&quot;_animation&quot;:&quot;fadeInUp&quot;}\" data-widget_type=\"shortcode.default\">\n\t\t\t\t<div class=\"elementor-widget-container\">\n\t\t\t\t\t<ul class=\"menuServicos\"><li><a href=\"https:\/\/projetos.formefor.com.br\/petpelomundo\/very-important-pet\/\" class=\"\">VIP &#8211; Very Important Pet<svg width=\"24\" height=\"24\" viewBox=\"0 0 24 24\" fill=\"none\" xmlns=\"http:\/\/www.w3.org\/2000\/svg\"><path d=\"M12 16.4L16.4 12M16.4 12L12 7.6M16.4 12L7.6 12M23 12C23 18.0751 18.0751 23 12 23C5.92487 23 1 18.0751 1 12C1 5.92487 5.92487 1 12 1C18.0751 1 23 5.92487 23 12Z\" stroke=\"#1F3D68\" stroke-linecap=\"round\" stroke-linejoin=\"round\"\/><\/svg><\/a><\/li><li><a href=\"https:\/\/projetos.formefor.com.br\/petpelomundo\/acompanhamento-platinum\/\" class=\"\">Acompanhamento Platinum<svg width=\"24\" height=\"24\" viewBox=\"0 0 24 24\" fill=\"none\" xmlns=\"http:\/\/www.w3.org\/2000\/svg\"><path d=\"M12 16.4L16.4 12M16.4 12L12 7.6M16.4 12L7.6 12M23 12C23 18.0751 18.0751 23 12 23C5.92487 23 1 18.0751 1 12C1 5.92487 5.92487 1 12 1C18.0751 1 23 5.92487 23 12Z\" stroke=\"#1F3D68\" stroke-linecap=\"round\" stroke-linejoin=\"round\"\/><\/svg><\/a><\/li><li><a href=\"https:\/\/projetos.formefor.com.br\/petpelomundo\/acompanhamento-gold\/\" class=\"\">Acompanhamento Gold<svg width=\"24\" height=\"24\" viewBox=\"0 0 24 24\" fill=\"none\" xmlns=\"http:\/\/www.w3.org\/2000\/svg\"><path d=\"M12 16.4L16.4 12M16.4 12L12 7.6M16.4 12L7.6 12M23 12C23 18.0751 18.0751 23 12 23C5.92487 23 1 18.0751 1 12C1 5.92487 5.92487 1 12 1C18.0751 1 23 5.92487 23 12Z\" stroke=\"#1F3D68\" stroke-linecap=\"round\" stroke-linejoin=\"round\"\/><\/svg><\/a><\/li><li><a href=\"https:\/\/projetos.formefor.com.br\/petpelomundo\/programa-prata\/\" class=\"\">Programa Prata<svg width=\"24\" height=\"24\" viewBox=\"0 0 24 24\" fill=\"none\" xmlns=\"http:\/\/www.w3.org\/2000\/svg\"><path d=\"M12 16.4L16.4 12M16.4 12L12 7.6M16.4 12L7.6 12M23 12C23 18.0751 18.0751 23 12 23C5.92487 23 1 18.0751 1 12C1 5.92487 5.92487 1 12 1C18.0751 1 23 5.92487 23 12Z\" stroke=\"#1F3D68\" stroke-linecap=\"round\" stroke-linejoin=\"round\"\/><\/svg><\/a><\/li><li><a href=\"https:\/\/projetos.formefor.com.br\/petpelomundo\/vet-nanny\/\" class=\"\">Vet Nanny<svg width=\"24\" height=\"24\" viewBox=\"0 0 24 24\" fill=\"none\" xmlns=\"http:\/\/www.w3.org\/2000\/svg\"><path d=\"M12 16.4L16.4 12M16.4 12L12 7.6M16.4 12L7.6 12M23 12C23 18.0751 18.0751 23 12 23C5.92487 23 1 18.0751 1 12C1 5.92487 5.92487 1 12 1C18.0751 1 23 5.92487 23 12Z\" stroke=\"#1F3D68\" stroke-linecap=\"round\" stroke-linejoin=\"round\"\/><\/svg><\/a><\/li><li><a href=\"https:\/\/projetos.formefor.com.br\/petpelomundo\/servico-veterinario-especializado\/\" class=\"\">Servi\u00e7o Veterin\u00e1rio Especializado<svg width=\"24\" height=\"24\" viewBox=\"0 0 24 24\" fill=\"none\" xmlns=\"http:\/\/www.w3.org\/2000\/svg\"><path d=\"M12 16.4L16.4 12M16.4 12L12 7.6M16.4 12L7.6 12M23 12C23 18.0751 18.0751 23 12 23C5.92487 23 1 18.0751 1 12C1 5.92487 5.92487 1 12 1C18.0751 1 23 5.92487 23 12Z\" stroke=\"#1F3D68\" stroke-linecap=\"round\" stroke-linejoin=\"round\"\/><\/svg><\/a><\/li><li><a href=\"https:\/\/projetos.formefor.com.br\/petpelomundo\/assessoria-para-viagens-de-retorno\/\" class=\"\">Assessoria para Viagens de Retorno<svg width=\"24\" height=\"24\" viewBox=\"0 0 24 24\" fill=\"none\" xmlns=\"http:\/\/www.w3.org\/2000\/svg\"><path d=\"M12 16.4L16.4 12M16.4 12L12 7.6M16.4 12L7.6 12M23 12C23 18.0751 18.0751 23 12 23C5.92487 23 1 18.0751 1 12C1 5.92487 5.92487 1 12 1C18.0751 1 23 5.92487 23 12Z\" stroke=\"#1F3D68\" stroke-linecap=\"round\" stroke-linejoin=\"round\"\/><\/svg><\/a><\/li><\/ul>\n\t\t\n\t\t<style type=\"text\/css\">\n\t\t  .menuServicos { list-style: none; padding: 0; margin: 0; }\n\t\t  .menuServicos li{ }\n\t\t  .menuServicos li a { border: 1px solid #E5EEFF; border-radius: 15px; display: flex; font-family: \"Mulish\"; align-items: center; font-size: 20px; font-weight: 500; color: #1F3D68; text-decoration: none; padding: 10px 15px; justify-content: space-between; margin-bottom: 15px; }\n\t\t  .menuServicos li a.ativo, .menuServicos li a:hover { background: #909FBA; color: #FFF; }\n\t\t  \n\t\t  \n\t\t  @media(max-width:1023px){\n\t\t\t\n\t\t  }\n\t\t<\/style>\t\t<div class=\"elementor-shortcode\"><\/div>\n\t\t\t\t\t\t<\/div>\n\t\t\t\t<\/div>\n\t\t\t\t<\/div>\n\t\t<div class=\"elementor-element elementor-element-28d4410 e-con-full e-flex e-con e-child\" data-id=\"28d4410\" data-element_type=\"container\" data-settings=\"{&quot;background_background&quot;:&quot;classic&quot;}\">\n\t\t\t\t<div class=\"elementor-element elementor-element-026f7a1 elementor-widget-mobile__width-initial elementor-invisible elementor-widget elementor-widget-heading\" data-id=\"026f7a1\" data-element_type=\"widget\" data-settings=\"{&quot;_animation&quot;:&quot;fadeInUp&quot;}\" data-widget_type=\"heading.default\">\n\t\t\t\t<div class=\"elementor-widget-container\">\n\t\t\t\t\t<h1 class=\"elementor-heading-title elementor-size-default\">Esteja com o seu pet, aonde quer que voc\u00ea v\u00e1.<\/h1>\t\t\t\t<\/div>\n\t\t\t\t<\/div>\n\t\t\t\t<div class=\"elementor-element elementor-element-a2daebd elementor-widget-mobile__width-initial elementor-invisible elementor-widget elementor-widget-heading\" data-id=\"a2daebd\" data-element_type=\"widget\" data-settings=\"{&quot;_animation&quot;:&quot;fadeInUp&quot;}\" data-widget_type=\"heading.default\">\n\t\t\t\t<div class=\"elementor-widget-container\">\n\t\t\t\t\t<span class=\"elementor-heading-title elementor-size-default\">A gente te ajuda a viajar com o seu pet, da forma mais segura, sem se preocupar.<\/span>\t\t\t\t<\/div>\n\t\t\t\t<\/div>\n\t\t\t\t<div class=\"elementor-element elementor-element-5354cd4 elementor-align-center elementor-mobile-align-center elementor-invisible elementor-widget elementor-widget-button\" data-id=\"5354cd4\" data-element_type=\"widget\" data-settings=\"{&quot;_animation&quot;:&quot;fadeInUp&quot;}\" data-widget_type=\"button.default\">\n\t\t\t\t<div class=\"elementor-widget-container\">\n\t\t\t\t\t\t\t\t\t<div class=\"elementor-button-wrapper\">\n\t\t\t\t\t<a class=\"elementor-button elementor-button-link elementor-size-sm elementor-animation-grow\" href=\"https:\/\/projetos.formefor.com.br\/petpelomundo\/contato\">\n\t\t\t\t\t\t<span class=\"elementor-button-content-wrapper\">\n\t\t\t\t\t\t\t\t\t<span class=\"elementor-button-text\">entre em contato<\/span>\n\t\t\t\t\t<\/span>\n\t\t\t\t\t<\/a>\n\t\t\t\t<\/div>\n\t\t\t\t\t\t\t\t<\/div>\n\t\t\t\t<\/div>\n\t\t\t\t<\/div>\n\t\t\t\t<\/div>\n\t\t\t\t\t<\/div>\n\t\t\t\t<\/div>\n\t\t<div class=\"elementor-element elementor-element-36d2f7a bgPaginaContato e-flex e-con-boxed e-con e-parent\" data-id=\"36d2f7a\" data-element_type=\"container\" data-settings=\"{&quot;background_background&quot;:&quot;classic&quot;}\">\n\t\t\t\t\t<div class=\"e-con-inner\">\n\t\t\t\t<div class=\"elementor-element elementor-element-63941cf elementor-widget-divider--view-line elementor-widget elementor-widget-divider\" data-id=\"63941cf\" data-element_type=\"widget\" data-widget_type=\"divider.default\">\n\t\t\t\t<div class=\"elementor-widget-container\">\n\t\t\t\t\t\t\t<div class=\"elementor-divider\">\n\t\t\t<span class=\"elementor-divider-separator\">\n\t\t\t\t\t\t<\/span>\n\t\t<\/div>\n\t\t\t\t\t\t<\/div>\n\t\t\t\t<\/div>\n\t\t\t\t\t<\/div>\n\t\t\t\t<\/div>\n\t\t<div class=\"elementor-element elementor-element-7453df03 e-flex e-con-boxed e-con e-parent\" data-id=\"7453df03\" data-element_type=\"container\" data-settings=\"{&quot;background_background&quot;:&quot;classic&quot;}\">\n\t\t\t\t\t<div class=\"e-con-inner\">\n\t\t\t\t<div class=\"elementor-element elementor-element-67d75f97 elementor-widget__width-initial elementor-widget-mobile__width-inherit elementor-invisible elementor-widget elementor-widget-heading\" data-id=\"67d75f97\" data-element_type=\"widget\" data-settings=\"{&quot;_animation&quot;:&quot;fadeInUp&quot;}\" data-widget_type=\"heading.default\">\n\t\t\t\t<div class=\"elementor-widget-container\">\n\t\t\t\t\t<h1 class=\"elementor-heading-title elementor-size-default\">Perguntas Frequentes<\/h1>\t\t\t\t<\/div>\n\t\t\t\t<\/div>\n\t\t\t\t<div class=\"elementor-element elementor-element-5ca9c085 secaoFaq elementor-widget__width-initial elementor-invisible elementor-widget elementor-widget-n-accordion\" data-id=\"5ca9c085\" data-element_type=\"widget\" data-settings=\"{&quot;_animation&quot;:&quot;fadeInUp&quot;,&quot;default_state&quot;:&quot;expanded&quot;,&quot;max_items_expended&quot;:&quot;one&quot;,&quot;n_accordion_animation_duration&quot;:{&quot;unit&quot;:&quot;ms&quot;,&quot;size&quot;:400,&quot;sizes&quot;:[]}}\" data-widget_type=\"nested-accordion.default\">\n\t\t\t\t<div class=\"elementor-widget-container\">\n\t\t\t\t\t\t\t<div class=\"e-n-accordion\" aria-label=\"Accordion. Open links with Enter or Space, close with Escape, and navigate with Arrow Keys\">\n\t\t\t\t\t\t<details id=\"e-n-accordion-item-1550\" class=\"e-n-accordion-item\" open>\n\t\t\t\t<summary class=\"e-n-accordion-item-title\" data-accordion-index=\"1\" tabindex=\"0\" aria-expanded=\"true\" aria-controls=\"e-n-accordion-item-1550\" >\n\t\t\t\t\t<span class='e-n-accordion-item-title-header'><div class=\"e-n-accordion-item-title-text\"> Animais braquicef\u00e1licos podem viajar de avi\u00e3o? <\/div><\/span>\n\t\t\t\t\t\t\t<span class='e-n-accordion-item-title-icon'>\n\t\t\t<span class='e-opened' ><svg aria-hidden=\"true\" class=\"e-font-icon-svg e-fas-sort-up\" viewBox=\"0 0 320 512\" xmlns=\"http:\/\/www.w3.org\/2000\/svg\"><path d=\"M279 224H41c-21.4 0-32.1-25.9-17-41L143 64c9.4-9.4 24.6-9.4 33.9 0l119 119c15.2 15.1 4.5 41-16.9 41z\"><\/path><\/svg><\/span>\n\t\t\t<span class='e-closed'><svg aria-hidden=\"true\" class=\"e-font-icon-svg e-fas-sort-down\" viewBox=\"0 0 320 512\" xmlns=\"http:\/\/www.w3.org\/2000\/svg\"><path d=\"M41 288h238c21.4 0 32.1 25.9 17 41L177 448c-9.4 9.4-24.6 9.4-33.9 0L24 329c-15.1-15.1-4.4-41 17-41z\"><\/path><\/svg><\/span>\n\t\t<\/span>\n\n\t\t\t\t\t\t<\/summary>\n\t\t\t\t<div role=\"region\" aria-labelledby=\"e-n-accordion-item-1550\" class=\"elementor-element elementor-element-3e9bf09a e-con-full e-flex e-con e-child\" data-id=\"3e9bf09a\" data-element_type=\"container\">\n\t\t\t\t<div class=\"elementor-element elementor-element-20b1eba6 elementor-widget elementor-widget-text-editor\" data-id=\"20b1eba6\" data-element_type=\"widget\" data-widget_type=\"text-editor.default\">\n\t\t\t\t<div class=\"elementor-widget-container\">\n\t\t\t\t\t\t\t\t\t<p>Sim \u2014 mas s\u00f3 com avalia\u00e7\u00e3o especializada. Nem todo pet de focinho curto tem a s\u00edndrome respirat\u00f3ria que o impede de voar. Com base no protocolo BOAS, adotado pela IPATA, avaliamos se o animal est\u00e1 apto ao transporte e orientamos cada passo para que a viagem seja feita com total seguran\u00e7a.<\/p>\t\t\t\t\t\t\t\t<\/div>\n\t\t\t\t<\/div>\n\t\t\t\t<\/div>\n\t\t\t\t\t<\/details>\n\t\t\t\t\t\t<details id=\"e-n-accordion-item-1551\" class=\"e-n-accordion-item\" >\n\t\t\t\t<summary class=\"e-n-accordion-item-title\" data-accordion-index=\"2\" tabindex=\"-1\" aria-expanded=\"false\" aria-controls=\"e-n-accordion-item-1551\" >\n\t\t\t\t\t<span class='e-n-accordion-item-title-header'><div class=\"e-n-accordion-item-title-text\"> Posso sedar meu pet antes do voo para ele ficar mais calmo? <\/div><\/span>\n\t\t\t\t\t\t\t<span class='e-n-accordion-item-title-icon'>\n\t\t\t<span class='e-opened' ><svg aria-hidden=\"true\" class=\"e-font-icon-svg e-fas-sort-up\" viewBox=\"0 0 320 512\" xmlns=\"http:\/\/www.w3.org\/2000\/svg\"><path d=\"M279 224H41c-21.4 0-32.1-25.9-17-41L143 64c9.4-9.4 24.6-9.4 33.9 0l119 119c15.2 15.1 4.5 41-16.9 41z\"><\/path><\/svg><\/span>\n\t\t\t<span class='e-closed'><svg aria-hidden=\"true\" class=\"e-font-icon-svg e-fas-sort-down\" viewBox=\"0 0 320 512\" xmlns=\"http:\/\/www.w3.org\/2000\/svg\"><path d=\"M41 288h238c21.4 0 32.1 25.9 17 41L177 448c-9.4 9.4-24.6 9.4-33.9 0L24 329c-15.1-15.1-4.4-41 17-41z\"><\/path><\/svg><\/span>\n\t\t<\/span>\n\n\t\t\t\t\t\t<\/summary>\n\t\t\t\t<div role=\"region\" aria-labelledby=\"e-n-accordion-item-1551\" class=\"elementor-element elementor-element-375968f5 e-con-full e-flex e-con e-child\" data-id=\"375968f5\" data-element_type=\"container\">\n\t\t\t\t<div class=\"elementor-element elementor-element-19915b59 elementor-widget elementor-widget-text-editor\" data-id=\"19915b59\" data-element_type=\"widget\" data-widget_type=\"text-editor.default\">\n\t\t\t\t<div class=\"elementor-widget-container\">\n\t\t\t\t\t\t\t\t\t<p>N\u00e3o. O uso de sedativos \u00e9 proibido pela IATA por representar riscos s\u00e9rios \u00e0 sa\u00fade do animal durante o voo, como queda de press\u00e3o e dificuldades respirat\u00f3rias. Se seu pet \u00e9 muito ansioso, nossa equipe pode sugerir alternativas seguras e eficazes \u2014 sempre com base em avalia\u00e7\u00e3o veterin\u00e1ria.<\/p>\t\t\t\t\t\t\t\t<\/div>\n\t\t\t\t<\/div>\n\t\t\t\t<\/div>\n\t\t\t\t\t<\/details>\n\t\t\t\t\t\t<details id=\"e-n-accordion-item-1552\" class=\"e-n-accordion-item\" >\n\t\t\t\t<summary class=\"e-n-accordion-item-title\" data-accordion-index=\"3\" tabindex=\"-1\" aria-expanded=\"false\" aria-controls=\"e-n-accordion-item-1552\" >\n\t\t\t\t\t<span class='e-n-accordion-item-title-header'><div class=\"e-n-accordion-item-title-text\"> Por que incluir esse servi\u00e7o no planejamento da viagem? <\/div><\/span>\n\t\t\t\t\t\t\t<span class='e-n-accordion-item-title-icon'>\n\t\t\t<span class='e-opened' ><svg aria-hidden=\"true\" class=\"e-font-icon-svg e-fas-sort-up\" viewBox=\"0 0 320 512\" xmlns=\"http:\/\/www.w3.org\/2000\/svg\"><path d=\"M279 224H41c-21.4 0-32.1-25.9-17-41L143 64c9.4-9.4 24.6-9.4 33.9 0l119 119c15.2 15.1 4.5 41-16.9 41z\"><\/path><\/svg><\/span>\n\t\t\t<span class='e-closed'><svg aria-hidden=\"true\" class=\"e-font-icon-svg e-fas-sort-down\" viewBox=\"0 0 320 512\" xmlns=\"http:\/\/www.w3.org\/2000\/svg\"><path d=\"M41 288h238c21.4 0 32.1 25.9 17 41L177 448c-9.4 9.4-24.6 9.4-33.9 0L24 329c-15.1-15.1-4.4-41 17-41z\"><\/path><\/svg><\/span>\n\t\t<\/span>\n\n\t\t\t\t\t\t<\/summary>\n\t\t\t\t<div role=\"region\" aria-labelledby=\"e-n-accordion-item-1552\" class=\"elementor-element elementor-element-e995eb3 e-flex e-con-boxed e-con e-child\" data-id=\"e995eb3\" data-element_type=\"container\">\n\t\t\t\t\t<div class=\"e-con-inner\">\n\t\t<div role=\"region\" aria-labelledby=\"e-n-accordion-item-1552\" class=\"elementor-element elementor-element-b0b42f5 e-con-full e-flex e-con e-child\" data-id=\"b0b42f5\" data-element_type=\"container\">\n\t\t\t\t<div class=\"elementor-element elementor-element-aa14f26 elementor-widget elementor-widget-text-editor\" data-id=\"aa14f26\" data-element_type=\"widget\" data-widget_type=\"text-editor.default\">\n\t\t\t\t<div class=\"elementor-widget-container\">\n\t\t\t\t\t\t\t\t\t<p>Porque viajar com um pet exige mais que papelada. Exige cuidado t\u00e9cnico, conhecimento sobre restri\u00e7\u00f5es e, principalmente, a certeza de que o bem-estar dele est\u00e1 sendo respeitado. Nosso atendimento \u00e9 a ponte entre a vontade de viajar e a viabilidade real do voo.<\/p>\t\t\t\t\t\t\t\t<\/div>\n\t\t\t\t<\/div>\n\t\t\t\t<\/div>\n\t\t\t\t\t<\/div>\n\t\t\t\t<\/div>\n\t\t\t\t\t<\/details>\n\t\t\t\t\t<\/div>\n\t\t\t\t\t\t<\/div>\n\t\t\t\t<\/div>\n\t\t\t\t\t<\/div>\n\t\t\t\t<\/div>\n\t\t\t\t<\/div>\n\t\t","protected":false},"excerpt":{"rendered":"<p>Servi\u00e7os Veterin\u00e1rios Especializados Servi\u00e7os Veterin\u00e1rios Especializados Nem toda viagem come\u00e7a com um embarque. Algumas come\u00e7am com um imprevisto \u2014 e \u00e9 a\u00ed que entra o atendimento veterin\u00e1rio especializado. \u00a0 Seja por uma rea\u00e7\u00e3o inesperada a uma vacina, uma indisposi\u00e7\u00e3o na v\u00e9spera da viagem ou uma avalia\u00e7\u00e3o final no desembarque, oferecemos suporte cl\u00ednico imediato por profissionais [&hellip;]<\/p>\n","protected":false},"author":1,"featured_media":0,"parent":0,"menu_order":0,"comment_status":"closed","ping_status":"closed","template":"","meta":{"_acf_changed":false,"_joinchat":[],"footnotes":""},"class_list":["post-956","page","type-page","status-publish","hentry"],"acf":[],"_links":{"self":[{"href":"https:\/\/projetos.formefor.com.br\/petpelomundo\/wp-json\/wp\/v2\/pages\/956","targetHints":{"allow":["GET"]}}],"collection":[{"href":"https:\/\/projetos.formefor.com.br\/petpelomundo\/wp-json\/wp\/v2\/pages"}],"about":[{"href":"https:\/\/projetos.formefor.com.br\/petpelomundo\/wp-json\/wp\/v2\/types\/page"}],"author":[{"embeddable":true,"href":"https:\/\/projetos.formefor.com.br\/petpelomundo\/wp-json\/wp\/v2\/users\/1"}],"replies":[{"embeddable":true,"href":"https:\/\/projetos.formefor.com.br\/petpelomundo\/wp-json\/wp\/v2\/comments?post=956"}],"version-history":[{"count":9,"href":"https:\/\/projetos.formefor.com.br\/petpelomundo\/wp-json\/wp\/v2\/pages\/956\/revisions"}],"predecessor-version":[{"id":1016,"href":"https:\/\/projetos.formefor.com.br\/petpelomundo\/wp-json\/wp\/v2\/pages\/956\/revisions\/1016"}],"wp:attachment":[{"href":"https:\/\/projetos.formefor.com.br\/petpelomundo\/wp-json\/wp\/v2\/media?parent=956"}],"curies":[{"name":"wp","href":"https:\/\/api.w.org\/{rel}","templated":true}]}}