{"id":364,"date":"2025-07-29T12:56:55","date_gmt":"2025-07-29T15:56:55","guid":{"rendered":"https:\/\/projetos.formefor.com.br\/usimachi\/?page_id=364"},"modified":"2025-09-04T11:23:52","modified_gmt":"2025-09-04T14:23:52","slug":"ensaios-especiais","status":"publish","type":"page","link":"https:\/\/projetos.formefor.com.br\/usimachi\/ensaios-especiais\/","title":{"rendered":"Ensaios Especiais"},"content":{"rendered":"\t\t<div data-elementor-type=\"wp-page\" data-elementor-id=\"364\" class=\"elementor elementor-364\">\n\t\t\t\t<div class=\"elementor-element elementor-element-11cefcb e-flex e-con-boxed e-con e-parent\" data-id=\"11cefcb\" data-element_type=\"container\">\n\t\t\t\t\t<div class=\"e-con-inner\">\n\t\t<div class=\"elementor-element elementor-element-5258aaf e-con-full e-flex e-con e-child\" data-id=\"5258aaf\" data-element_type=\"container\">\n\t\t\t\t<div class=\"elementor-element elementor-element-6caa707 elementor-widget elementor-widget-heading\" data-id=\"6caa707\" data-element_type=\"widget\" data-widget_type=\"heading.default\">\n\t\t\t\t<div class=\"elementor-widget-container\">\n\t\t\t\t\t<h2 class=\"elementor-heading-title elementor-size-default\">Ensaios Especiais<\/h2>\t\t\t\t<\/div>\n\t\t\t\t<\/div>\n\t\t\t\t<div class=\"elementor-element elementor-element-a3ba9d8 elementor-widget elementor-widget-image\" data-id=\"a3ba9d8\" data-element_type=\"widget\" data-widget_type=\"image.default\">\n\t\t\t\t<div class=\"elementor-widget-container\">\n\t\t\t\t\t\t\t\t\t\t\t\t\t\t\t<img fetchpriority=\"high\" decoding=\"async\" width=\"1529\" height=\"564\" src=\"https:\/\/projetos.formefor.com.br\/usimachi\/wp-content\/uploads\/2025\/07\/banner-ensaios-especiais.webp\" class=\"attachment-full size-full wp-image-441\" alt=\"\" srcset=\"https:\/\/projetos.formefor.com.br\/usimachi\/wp-content\/uploads\/2025\/07\/banner-ensaios-especiais.webp 1529w, https:\/\/projetos.formefor.com.br\/usimachi\/wp-content\/uploads\/2025\/07\/banner-ensaios-especiais-300x111.webp 300w, https:\/\/projetos.formefor.com.br\/usimachi\/wp-content\/uploads\/2025\/07\/banner-ensaios-especiais-1024x378.webp 1024w, https:\/\/projetos.formefor.com.br\/usimachi\/wp-content\/uploads\/2025\/07\/banner-ensaios-especiais-768x283.webp 768w\" sizes=\"(max-width: 1529px) 100vw, 1529px\" \/>\t\t\t\t\t\t\t\t\t\t\t\t\t\t\t<\/div>\n\t\t\t\t<\/div>\n\t\t\t\t<div class=\"elementor-element elementor-element-2ae48b3 elementor-widget__width-initial elementor-widget elementor-widget-heading\" data-id=\"2ae48b3\" data-element_type=\"widget\" data-widget_type=\"heading.default\">\n\t\t\t\t<div class=\"elementor-widget-container\">\n\t\t\t\t\t<h2 class=\"elementor-heading-title elementor-size-default\">Equipamentos para Ensaios Especiais: medi\u00e7\u00f5es geot\u00e9cnicas com confiabilidade e precis\u00e3o em campo<\/h2>\t\t\t\t<\/div>\n\t\t\t\t<\/div>\n\t\t\t\t<div class=\"elementor-element elementor-element-cb80a4c elementor-widget elementor-widget-text-editor\" data-id=\"cb80a4c\" data-element_type=\"widget\" data-widget_type=\"text-editor.default\">\n\t\t\t\t<div class=\"elementor-widget-container\">\n\t\t\t\t\t\t\t\t\t<p>Ensaios especiais s\u00e3o fundamentais para validar hip\u00f3teses de projeto, calibrar modelos geot\u00e9cnicos e atender exig\u00eancias normativas em obras de infraestrutura, minera\u00e7\u00e3o e engenharia civil. A Usimachi oferece equipamentos e acess\u00f3rios desenvolvidos para medi\u00e7\u00f5es em campo com exatid\u00e3o, seguran\u00e7a e compatibilidade com diferentes metodologias.<\/p>\t\t\t\t\t\t\t\t<\/div>\n\t\t\t\t<\/div>\n\t\t\t\t<div class=\"elementor-element elementor-element-7471812 elementor-widget__width-initial elementor-widget elementor-widget-heading\" data-id=\"7471812\" data-element_type=\"widget\" data-widget_type=\"heading.default\">\n\t\t\t\t<div class=\"elementor-widget-container\">\n\t\t\t\t\t<h2 class=\"elementor-heading-title elementor-size-default\">Linha de equipamentos dispon\u00edveis:<\/h2>\t\t\t\t<\/div>\n\t\t\t\t<\/div>\n\t\t\t\t<div class=\"elementor-element elementor-element-ad83147 elementor-widget elementor-widget-text-editor\" data-id=\"ad83147\" data-element_type=\"widget\" data-widget_type=\"text-editor.default\">\n\t\t\t\t<div class=\"elementor-widget-container\">\n\t\t\t\t\t\t\t\t\t<p>Fabricamos e fornecemos:<\/p><ul><li>Kits para ensaio de perda d\u2019\u00e1gua (inje\u00e7\u00e3o e retorno);<\/li><li>Vane test;<\/li><li>Pinos e haste para controle de recalque;<\/li><li>Placas para controle de recalque, hastes para cptu.<p>\u00a0<\/p><\/li><\/ul><p>Todos os itens seguem especifica\u00e7\u00f5es t\u00e9cnicas para compatibilidade com normas nacionais e internacionais utilizados em obras especiais.<\/p>\t\t\t\t\t\t\t\t<\/div>\n\t\t\t\t<\/div>\n\t\t\t\t<div class=\"elementor-element elementor-element-6d6b30e elementor-widget__width-initial elementor-widget elementor-widget-heading\" data-id=\"6d6b30e\" data-element_type=\"widget\" data-widget_type=\"heading.default\">\n\t\t\t\t<div class=\"elementor-widget-container\">\n\t\t\t\t\t<h2 class=\"elementor-heading-title elementor-size-default\">Onde se aplicam:<\/h2>\t\t\t\t<\/div>\n\t\t\t\t<\/div>\n\t\t\t\t<div class=\"elementor-element elementor-element-fffc1c8 elementor-widget elementor-widget-text-editor\" data-id=\"fffc1c8\" data-element_type=\"widget\" data-widget_type=\"text-editor.default\">\n\t\t\t\t<div class=\"elementor-widget-container\">\n\t\t\t\t\t\t\t\t\t<p>Nossos equipamentos atendem \u00e0s principais t\u00e9cnicas de:<\/p><ul><li>Ensaios de perda d\u2019\u00e1gua sob press\u00e3o;<\/li><li>Testes de permeabilidade em rocha e solo argiloso;<\/li><li>Monitoramento geol\u00f3gico.<span style=\"text-decoration: line-through;\"><br \/><br \/><\/span><\/li><\/ul>\t\t\t\t\t\t\t\t<\/div>\n\t\t\t\t<\/div>\n\t\t\t\t<div class=\"elementor-element elementor-element-2faa31f elementor-widget__width-initial elementor-widget elementor-widget-heading\" data-id=\"2faa31f\" data-element_type=\"widget\" data-widget_type=\"heading.default\">\n\t\t\t\t<div class=\"elementor-widget-container\">\n\t\t\t\t\t<h2 class=\"elementor-heading-title elementor-size-default\">Suporte t\u00e9cnico para aplica\u00e7\u00e3o correta:<\/h2>\t\t\t\t<\/div>\n\t\t\t\t<\/div>\n\t\t\t\t<div class=\"elementor-element elementor-element-0581d47 elementor-widget elementor-widget-text-editor\" data-id=\"0581d47\" data-element_type=\"widget\" data-widget_type=\"text-editor.default\">\n\t\t\t\t<div class=\"elementor-widget-container\">\n\t\t\t\t\t\t\t\t\t<p>Se a sua equipe precisa montar um sistema de medi\u00e7\u00e3o tempor\u00e1rio ou permanente, adaptar a instrumenta\u00e7\u00e3o a uma estrutura j\u00e1 existente ou garantir a repetibilidade do ensaio, a Usimachi est\u00e1 preparada para apoiar na escolha e montagem.<\/p><p>Solicite uma cota\u00e7\u00e3o com base nas caracter\u00edsticas do seu projeto e receba orienta\u00e7\u00e3o t\u00e9cnica especializada.<\/p>\t\t\t\t\t\t\t\t<\/div>\n\t\t\t\t<\/div>\n\t\t\t\t<\/div>\n\t\t<div class=\"elementor-element elementor-element-3cf4ea4 e-con-full sidebarServico e-flex e-con e-child\" data-id=\"3cf4ea4\" data-element_type=\"container\" data-settings=\"{&quot;background_background&quot;:&quot;classic&quot;}\">\n\t\t\t\t<div class=\"elementor-element elementor-element-e7fe332 elementor-widget__width-initial elementor-widget elementor-widget-heading\" data-id=\"e7fe332\" data-element_type=\"widget\" data-widget_type=\"heading.default\">\n\t\t\t\t<div class=\"elementor-widget-container\">\n\t\t\t\t\t<h2 class=\"elementor-heading-title elementor-size-default\">Entre em contato e fale com um dos nossos especialistas<\/h2>\t\t\t\t<\/div>\n\t\t\t\t<\/div>\n\t\t\t\t<div class=\"elementor-element elementor-element-62384b89 formServico elementor-widget-tablet__width-initial premium-cf7-button-align-left elementor-widget elementor-widget-premium-contact-form\" data-id=\"62384b89\" data-element_type=\"widget\" data-widget_type=\"premium-contact-form.default\">\n\t\t\t\t<div class=\"elementor-widget-container\">\n\t\t\t\t\t\r\n\t\t\t\r\n\t\t\t<div class=\"premium-cf7-container\">\r\n\t\t\t\t\n<div class=\"wpcf7 no-js\" id=\"wpcf7-f224-o1\" lang=\"pt-BR\" dir=\"ltr\" data-wpcf7-id=\"224\">\n<div class=\"screen-reader-response\"><p role=\"status\" aria-live=\"polite\" aria-atomic=\"true\"><\/p> <ul><\/ul><\/div>\n<form action=\"\/usimachi\/wp-json\/wp\/v2\/pages\/364#wpcf7-f224-o1\" method=\"post\" class=\"wpcf7-form init\" aria-label=\"Formul\u00e1rios de contato\" novalidate=\"novalidate\" data-status=\"init\">\n<div style=\"display: none;\">\n<input type=\"hidden\" name=\"_wpcf7\" value=\"224\" \/>\n<input type=\"hidden\" name=\"_wpcf7_version\" value=\"6.0.3\" \/>\n<input type=\"hidden\" name=\"_wpcf7_locale\" value=\"pt_BR\" \/>\n<input type=\"hidden\" name=\"_wpcf7_unit_tag\" value=\"wpcf7-f224-o1\" \/>\n<input type=\"hidden\" name=\"_wpcf7_container_post\" value=\"0\" \/>\n<input type=\"hidden\" name=\"_wpcf7_posted_data_hash\" value=\"\" \/>\n<\/div>\n<div class=\"row\">\n\t<p><span class=\"wpcf7-form-control-wrap\" data-name=\"nome\"><input size=\"40\" maxlength=\"400\" class=\"wpcf7-form-control wpcf7-text wpcf7-validates-as-required\" aria-required=\"true\" aria-invalid=\"false\" placeholder=\"Nome\" value=\"\" type=\"text\" name=\"nome\" \/><\/span>\n\t<\/p>\n<\/div>\n<div class=\"row\">\n\t<p><span class=\"wpcf7-form-control-wrap\" data-name=\"email\"><input size=\"40\" maxlength=\"400\" class=\"wpcf7-form-control wpcf7-email wpcf7-validates-as-required wpcf7-text wpcf7-validates-as-email\" aria-required=\"true\" aria-invalid=\"false\" placeholder=\"E-mail\" value=\"\" type=\"email\" name=\"email\" \/><\/span>\n\t<\/p>\n<\/div>\n<div class=\"row\">\n\t<p><span class=\"wpcf7-form-control-wrap\" data-name=\"mensagem\"><textarea cols=\"40\" rows=\"10\" maxlength=\"2000\" class=\"wpcf7-form-control wpcf7-textarea\" aria-invalid=\"false\" placeholder=\"Mensagem\" name=\"mensagem\"><\/textarea><\/span>\n\t<\/p>\n<\/div>\n<div class=\"row\">\n\t<div class=\"coleta-dados-autorizacao\">\n\t<\/div>\n<\/div>\n<div class=\"row\">\n\t<p><input class=\"wpcf7-form-control wpcf7-submit has-spinner\" type=\"submit\" value=\"solicitar or\u00e7amento\" \/>\n\t<\/p>\n<\/div><div class=\"wpcf7-response-output\" aria-hidden=\"true\"><\/div>\n<\/form>\n<\/div>\n\t\t\t<\/div>\r\n\r\n\t\t\t\t\t\t\t<\/div>\n\t\t\t\t<\/div>\n\t\t\t\t<div class=\"elementor-element elementor-element-7c92618 elementor-widget__width-initial elementor-widget elementor-widget-heading\" data-id=\"7c92618\" data-element_type=\"widget\" data-widget_type=\"heading.default\">\n\t\t\t\t<div class=\"elementor-widget-container\">\n\t\t\t\t\t<h2 class=\"elementor-heading-title elementor-size-default\">Informa\u00e7\u00f5es de contato<\/h2>\t\t\t\t<\/div>\n\t\t\t\t<\/div>\n\t\t\t\t<div class=\"elementor-element elementor-element-77c46c9d elementor-widget__width-initial elementor-widget elementor-widget-text-editor\" data-id=\"77c46c9d\" data-element_type=\"widget\" data-widget_type=\"text-editor.default\">\n\t\t\t\t<div class=\"elementor-widget-container\">\n\t\t\t\t\t\t\t\t\t<p>R. Pedro Ernesto, 115 &#8211; Engenho do Porto, Duque de Caxias &#8211; RJ, 25015-290<\/p>\t\t\t\t\t\t\t\t<\/div>\n\t\t\t\t<\/div>\n\t\t\t\t<div class=\"elementor-element elementor-element-6b89ad8b elementor-widget elementor-widget-heading\" data-id=\"6b89ad8b\" data-element_type=\"widget\" data-widget_type=\"heading.default\">\n\t\t\t\t<div class=\"elementor-widget-container\">\n\t\t\t\t\t<span class=\"elementor-heading-title elementor-size-default\"><a href=\"mailto:vendas@usimachi.com.br\">vendas@usimachi.com.br<\/a><\/span>\t\t\t\t<\/div>\n\t\t\t\t<\/div>\n\t\t\t\t<div class=\"elementor-element elementor-element-429b3436 elementor-icon-list--layout-traditional elementor-list-item-link-full_width elementor-widget elementor-widget-icon-list\" data-id=\"429b3436\" data-element_type=\"widget\" data-widget_type=\"icon-list.default\">\n\t\t\t\t<div class=\"elementor-widget-container\">\n\t\t\t\t\t\t\t<ul class=\"elementor-icon-list-items\">\n\t\t\t\t\t\t\t<li class=\"elementor-icon-list-item\">\n\t\t\t\t\t\t\t\t\t\t\t<a href=\"https:\/\/api.whatsapp.com\/send\/?phone=5521970132952\">\n\n\t\t\t\t\t\t\t\t\t\t\t\t<span class=\"elementor-icon-list-icon\">\n\t\t\t\t\t\t\t<svg xmlns=\"http:\/\/www.w3.org\/2000\/svg\" width=\"26\" height=\"26\" viewBox=\"0 0 26 26\" fill=\"none\"><path d=\"M12.2003 0C12.7427 0 13.2847 0 13.8271 0C13.8923 0.0142502 13.9564 0.0371523 14.0221 0.0422417C15.8634 0.181181 17.594 0.694697 19.2157 1.57516C24.8376 4.62724 27.4051 11.3197 25.2313 17.2555C22.5966 24.4493 14.287 27.8118 7.35919 24.4925C7.24153 24.436 7.08059 24.4121 6.95478 24.4401C5.04788 24.8651 3.14352 25.3017 1.23865 25.7348C0.84902 25.8234 0.458879 25.9089 0.0483646 26C0.0605884 25.917 0.0641536 25.8753 0.0728121 25.8346C0.560744 23.6136 1.05122 21.3936 1.53253 19.1716C1.558 19.0535 1.53661 18.9019 1.4816 18.794C0.866337 17.5883 0.414568 16.3282 0.190975 14.9912C0.117123 14.5505 0.0636443 14.1062 0.000488281 13.6639C0.000488281 13.1392 0.000488281 12.614 0.000488281 12.0893C0.0835079 11.5223 0.145136 10.9508 0.252603 10.3884C1.22948 5.25832 5.56943 1.03721 10.7207 0.201539C11.2117 0.122145 11.7073 0.0666706 12.2003 0ZM2.71161 23.3098C2.78852 23.296 2.82163 23.2914 2.85372 23.2838C4.31344 22.9535 5.77214 22.6196 7.2344 22.2995C7.36581 22.271 7.53643 22.2995 7.65663 22.3631C10.9418 24.0956 14.289 24.2294 17.6714 22.7016C22.1728 20.6689 24.7271 15.6737 23.7731 10.85C22.6002 4.91988 16.6859 0.991916 10.7859 2.2556C7.53949 2.95081 5.06163 4.75193 3.41448 7.63658C2.25068 9.67436 1.82641 11.8796 2.12437 14.2141C2.31791 15.7292 2.84506 17.1272 3.60904 18.4438C3.67423 18.5563 3.71192 18.7187 3.68697 18.8428C3.54436 19.5553 3.37781 20.2628 3.22196 20.9727C3.05337 21.7387 2.88733 22.5056 2.71161 23.3098Z\" fill=\"#4C4C4C\"><\/path><path d=\"M9.09751 7.20907C9.84265 7.20907 9.94451 7.27269 10.2083 7.90225C10.4925 8.58015 10.765 9.26314 11.0513 9.94053C11.1373 10.1446 11.1531 10.3426 11.0248 10.5192C10.8078 10.8184 10.5822 11.1131 10.3382 11.3905C10.0611 11.705 10.0423 11.789 10.2567 12.1463C11.2117 13.7367 12.537 14.8965 14.26 15.5968C14.5936 15.7322 14.7102 15.7134 14.9445 15.4325C15.2369 15.0813 15.5247 14.7261 15.8078 14.3678C16.0212 14.0985 16.1328 14.0329 16.4363 14.1713C17.2813 14.5581 18.1181 14.9642 18.9473 15.3836C19.0466 15.434 19.1368 15.6141 19.1358 15.7332C19.1281 16.5129 18.9402 17.2071 18.2592 17.7115C17.3221 18.4052 16.3167 18.4769 15.2216 18.2123C12.4575 17.5456 10.3285 15.976 8.68699 13.696C8.17309 12.9819 7.64339 12.2755 7.33932 11.4378C6.85598 10.1049 6.96599 8.86719 7.92657 7.75872C8.25967 7.37448 8.63708 7.13375 9.09751 7.20907Z\" fill=\"#4C4C4C\"><\/path><\/svg>\t\t\t\t\t\t<\/span>\n\t\t\t\t\t\t\t\t\t\t<span class=\"elementor-icon-list-text\">(21) 97013-2952<\/span>\n\t\t\t\t\t\t\t\t\t\t\t<\/a>\n\t\t\t\t\t\t\t\t\t<\/li>\n\t\t\t\t\t\t\t\t<li class=\"elementor-icon-list-item\">\n\t\t\t\t\t\t\t\t\t\t\t<a href=\"tel:+552127716322\">\n\n\t\t\t\t\t\t\t\t\t\t\t\t<span class=\"elementor-icon-list-icon\">\n\t\t\t\t\t\t\t<svg xmlns=\"http:\/\/www.w3.org\/2000\/svg\" width=\"28\" height=\"28\" viewBox=\"0 0 28 28\" fill=\"none\"><path d=\"M14.8238 28H13.1838C13.1044 27.9841 13.0255 27.9649 12.945 27.9529C12.1819 27.8345 11.4052 27.7704 10.6569 27.5912C3.4734 25.8695 -1.15419 18.6488 0.251395 11.3794C0.83587 8.35729 2.24639 5.78126 4.51856 3.71156C7.76029 0.757976 11.5909 -0.419622 15.9309 0.131641C18.6955 0.482893 21.1315 1.61775 23.2201 3.46388C25.6802 5.63769 27.2189 8.3425 27.7847 11.586C27.8768 12.112 27.9293 12.6452 28 13.1751V14.8163C27.983 14.9127 27.9628 15.0086 27.9502 15.1056C27.8839 15.6108 27.8444 16.121 27.7497 16.6208C27.2194 19.4099 25.9513 21.8199 23.9563 23.8348C21.8649 25.9473 19.3517 27.2778 16.4157 27.7841C15.8882 27.8751 15.3552 27.9288 14.8238 28ZM14.0016 1.63309C7.19115 1.63474 1.64 7.19394 1.64767 14.0053C1.65534 20.8117 7.18896 26.3495 13.9923 26.3588C20.799 26.3687 26.3561 20.8155 26.36 14.0003C26.3638 7.18791 20.811 1.6309 14.0016 1.63309Z\" fill=\"#0B0F2C\"><\/path><path d=\"M12.2219 11.9218C13.5114 13.2123 14.7789 14.4803 16.0832 15.785C16.31 15.5483 16.5477 15.2886 16.798 15.0414C17.7796 14.0731 19.0746 14.009 20.1044 14.9209C20.6965 15.4453 21.2602 16.0091 21.7872 16.5999C22.6795 17.6005 22.634 18.9107 21.7083 19.8751C21.2602 20.342 20.8006 20.7973 20.3356 21.2478C19.3534 22.1985 18.145 22.4166 16.844 22.2856C15.2681 22.1267 13.8587 21.4916 12.5413 20.6587C10.2631 19.2181 8.41818 17.3424 7.06299 15.0014C6.37279 13.809 5.86336 12.5448 5.7182 11.1645C5.5703 9.75839 5.86281 8.48325 6.93974 7.47115C7.33797 7.09688 7.70991 6.69466 8.10157 6.31327C9.07551 5.36528 10.3754 5.3039 11.3915 6.20423C11.9968 6.74069 12.5736 7.31826 13.106 7.92761C13.9732 8.91999 13.9118 10.2023 12.9998 11.1557C12.7483 11.4188 12.4816 11.6664 12.2219 11.9218ZM17.7413 20.6828C18.2228 20.7031 18.8796 20.4406 19.4148 19.857C19.7653 19.4745 20.1482 19.1216 20.5125 18.7512C20.874 18.3835 20.874 17.9939 20.5125 17.6279C20.0513 17.1615 19.5868 16.6979 19.1211 16.2355C18.7021 15.8195 18.3384 15.8201 17.9193 16.236C17.5123 16.6404 17.1092 17.0497 16.7016 17.4536C16.2656 17.886 15.8159 17.8947 15.3881 17.4679C13.7688 15.8524 12.1524 14.2348 10.5375 12.615C10.1059 12.1821 10.1103 11.7371 10.5414 11.3009C10.9642 10.8735 11.3937 10.4521 11.8155 10.0236C12.1633 9.66962 12.1611 9.27563 11.8105 8.92054C11.3433 8.44709 10.8728 7.97693 10.4 7.50896C9.99742 7.11003 9.62493 7.11332 9.21629 7.51882C8.82134 7.91007 8.43626 8.31119 8.03529 8.69587C7.55982 9.15233 7.35605 9.71675 7.33414 10.3606C7.29524 11.4949 7.63322 12.5427 8.1421 13.529C9.67259 16.4957 11.9535 18.6975 14.9893 20.0927C15.7606 20.4472 16.58 20.668 17.7424 20.6823L17.7413 20.6828Z\" fill=\"#0B0F2C\"><\/path><\/svg>\t\t\t\t\t\t<\/span>\n\t\t\t\t\t\t\t\t\t\t<span class=\"elementor-icon-list-text\">(21) 2771-6322<\/span>\n\t\t\t\t\t\t\t\t\t\t\t<\/a>\n\t\t\t\t\t\t\t\t\t<\/li>\n\t\t\t\t\t\t\t\t<li class=\"elementor-icon-list-item\">\n\t\t\t\t\t\t\t\t\t\t\t<a href=\"http:\/\/552126738262\">\n\n\t\t\t\t\t\t\t\t\t\t\t\t<span class=\"elementor-icon-list-icon\">\n\t\t\t\t\t\t\t<svg xmlns=\"http:\/\/www.w3.org\/2000\/svg\" width=\"28\" height=\"28\" viewBox=\"0 0 28 28\" fill=\"none\"><path d=\"M14.8238 28H13.1838C13.1044 27.9841 13.0255 27.9649 12.945 27.9529C12.1819 27.8345 11.4052 27.7704 10.6569 27.5912C3.4734 25.8695 -1.15419 18.6488 0.251395 11.3794C0.83587 8.35729 2.24639 5.78126 4.51856 3.71156C7.76029 0.757976 11.5909 -0.419622 15.9309 0.131641C18.6955 0.482893 21.1315 1.61775 23.2201 3.46388C25.6802 5.63769 27.2189 8.3425 27.7847 11.586C27.8768 12.112 27.9293 12.6452 28 13.1751V14.8163C27.983 14.9127 27.9628 15.0086 27.9502 15.1056C27.8839 15.6108 27.8444 16.121 27.7497 16.6208C27.2194 19.4099 25.9513 21.8199 23.9563 23.8348C21.8649 25.9473 19.3517 27.2778 16.4157 27.7841C15.8882 27.8751 15.3552 27.9288 14.8238 28ZM14.0016 1.63309C7.19115 1.63474 1.64 7.19394 1.64767 14.0053C1.65534 20.8117 7.18896 26.3495 13.9923 26.3588C20.799 26.3687 26.3561 20.8155 26.36 14.0003C26.3638 7.18791 20.811 1.6309 14.0016 1.63309Z\" fill=\"#0B0F2C\"><\/path><path d=\"M12.2219 11.9218C13.5114 13.2123 14.7789 14.4803 16.0832 15.785C16.31 15.5483 16.5477 15.2886 16.798 15.0414C17.7796 14.0731 19.0746 14.009 20.1044 14.9209C20.6965 15.4453 21.2602 16.0091 21.7872 16.5999C22.6795 17.6005 22.634 18.9107 21.7083 19.8751C21.2602 20.342 20.8006 20.7973 20.3356 21.2478C19.3534 22.1985 18.145 22.4166 16.844 22.2856C15.2681 22.1267 13.8587 21.4916 12.5413 20.6587C10.2631 19.2181 8.41818 17.3424 7.06299 15.0014C6.37279 13.809 5.86336 12.5448 5.7182 11.1645C5.5703 9.75839 5.86281 8.48325 6.93974 7.47115C7.33797 7.09688 7.70991 6.69466 8.10157 6.31327C9.07551 5.36528 10.3754 5.3039 11.3915 6.20423C11.9968 6.74069 12.5736 7.31826 13.106 7.92761C13.9732 8.91999 13.9118 10.2023 12.9998 11.1557C12.7483 11.4188 12.4816 11.6664 12.2219 11.9218ZM17.7413 20.6828C18.2228 20.7031 18.8796 20.4406 19.4148 19.857C19.7653 19.4745 20.1482 19.1216 20.5125 18.7512C20.874 18.3835 20.874 17.9939 20.5125 17.6279C20.0513 17.1615 19.5868 16.6979 19.1211 16.2355C18.7021 15.8195 18.3384 15.8201 17.9193 16.236C17.5123 16.6404 17.1092 17.0497 16.7016 17.4536C16.2656 17.886 15.8159 17.8947 15.3881 17.4679C13.7688 15.8524 12.1524 14.2348 10.5375 12.615C10.1059 12.1821 10.1103 11.7371 10.5414 11.3009C10.9642 10.8735 11.3937 10.4521 11.8155 10.0236C12.1633 9.66962 12.1611 9.27563 11.8105 8.92054C11.3433 8.44709 10.8728 7.97693 10.4 7.50896C9.99742 7.11003 9.62493 7.11332 9.21629 7.51882C8.82134 7.91007 8.43626 8.31119 8.03529 8.69587C7.55982 9.15233 7.35605 9.71675 7.33414 10.3606C7.29524 11.4949 7.63322 12.5427 8.1421 13.529C9.67259 16.4957 11.9535 18.6975 14.9893 20.0927C15.7606 20.4472 16.58 20.668 17.7424 20.6823L17.7413 20.6828Z\" fill=\"#0B0F2C\"><\/path><\/svg>\t\t\t\t\t\t<\/span>\n\t\t\t\t\t\t\t\t\t\t<span class=\"elementor-icon-list-text\">(21) 2673-8262<\/span>\n\t\t\t\t\t\t\t\t\t\t\t<\/a>\n\t\t\t\t\t\t\t\t\t<\/li>\n\t\t\t\t\t\t<\/ul>\n\t\t\t\t\t\t<\/div>\n\t\t\t\t<\/div>\n\t\t\t\t<\/div>\n\t\t\t\t\t<\/div>\n\t\t\t\t<\/div>\n\t\t\t\t<\/div>\n\t\t","protected":false},"excerpt":{"rendered":"<p>Instrumenta\u00e7\u00e3o e kits para perda d\u2019\u00e1gua, press\u00e3o e permeabilidade. Medi\u00e7\u00f5es precisas com suporte t\u00e9cnico especializado.<\/p>\n","protected":false},"author":1,"featured_media":0,"parent":0,"menu_order":0,"comment_status":"closed","ping_status":"closed","template":"","meta":{"_acf_changed":false,"_joinchat":[],"footnotes":""},"class_list":["post-364","page","type-page","status-publish","hentry"],"acf":[],"_links":{"self":[{"href":"https:\/\/projetos.formefor.com.br\/usimachi\/wp-json\/wp\/v2\/pages\/364","targetHints":{"allow":["GET"]}}],"collection":[{"href":"https:\/\/projetos.formefor.com.br\/usimachi\/wp-json\/wp\/v2\/pages"}],"about":[{"href":"https:\/\/projetos.formefor.com.br\/usimachi\/wp-json\/wp\/v2\/types\/page"}],"author":[{"embeddable":true,"href":"https:\/\/projetos.formefor.com.br\/usimachi\/wp-json\/wp\/v2\/users\/1"}],"replies":[{"embeddable":true,"href":"https:\/\/projetos.formefor.com.br\/usimachi\/wp-json\/wp\/v2\/comments?post=364"}],"version-history":[{"count":23,"href":"https:\/\/projetos.formefor.com.br\/usimachi\/wp-json\/wp\/v2\/pages\/364\/revisions"}],"predecessor-version":[{"id":678,"href":"https:\/\/projetos.formefor.com.br\/usimachi\/wp-json\/wp\/v2\/pages\/364\/revisions\/678"}],"wp:attachment":[{"href":"https:\/\/projetos.formefor.com.br\/usimachi\/wp-json\/wp\/v2\/media?parent=364"}],"curies":[{"name":"wp","href":"https:\/\/api.w.org\/{rel}","templated":true}]}}