{"id":90,"date":"2025-07-24T23:43:58","date_gmt":"2025-07-25T02:43:58","guid":{"rendered":"https:\/\/projetos.formefor.com.br\/usimachi\/?page_id=90"},"modified":"2025-09-04T11:37:10","modified_gmt":"2025-09-04T14:37:10","slug":"quem-somos","status":"publish","type":"page","link":"https:\/\/projetos.formefor.com.br\/usimachi\/quem-somos\/","title":{"rendered":"Quem somos"},"content":{"rendered":"\t\t<div data-elementor-type=\"wp-post\" data-elementor-id=\"90\" class=\"elementor elementor-90\">\n\t\t\t\t<div class=\"elementor-element elementor-element-e13adbc e-flex e-con-boxed e-con e-parent\" data-id=\"e13adbc\" data-element_type=\"container\">\n\t\t\t\t\t<div class=\"e-con-inner\">\n\t\t<div class=\"elementor-element elementor-element-e9b2add e-con-full e-flex e-con e-child\" data-id=\"e9b2add\" data-element_type=\"container\">\n\t\t<div class=\"elementor-element elementor-element-6bbf179 e-con-full e-flex elementor-invisible e-con e-child\" data-id=\"6bbf179\" data-element_type=\"container\" data-settings=\"{&quot;position&quot;:&quot;absolute&quot;,&quot;animation&quot;:&quot;fadeInUp&quot;}\">\n\t\t\t\t<div class=\"elementor-element elementor-element-e885afd elementor-widget__width-initial elementor-widget-mobile__width-inherit elementor-widget elementor-widget-heading\" data-id=\"e885afd\" data-element_type=\"widget\" data-widget_type=\"heading.default\">\n\t\t\t\t<div class=\"elementor-widget-container\">\n\t\t\t\t\t<span class=\"elementor-heading-title elementor-size-default\">DESDE<\/span>\t\t\t\t<\/div>\n\t\t\t\t<\/div>\n\t\t\t\t<div class=\"elementor-element elementor-element-9fa3fb6 elementor-widget__width-initial elementor-widget-mobile__width-inherit elementor-widget elementor-widget-heading\" data-id=\"9fa3fb6\" data-element_type=\"widget\" data-widget_type=\"heading.default\">\n\t\t\t\t<div class=\"elementor-widget-container\">\n\t\t\t\t\t<span class=\"elementor-heading-title elementor-size-default\">1995<\/span>\t\t\t\t<\/div>\n\t\t\t\t<\/div>\n\t\t\t\t<\/div>\n\t\t\t\t<div class=\"elementor-element elementor-element-e5e51a7 elementor-invisible elementor-widget elementor-widget-image\" data-id=\"e5e51a7\" data-element_type=\"widget\" data-settings=\"{&quot;_animation&quot;:&quot;fadeInUp&quot;}\" data-widget_type=\"image.default\">\n\t\t\t\t<div class=\"elementor-widget-container\">\n\t\t\t\t\t\t\t\t\t\t\t\t\t\t\t<img fetchpriority=\"high\" decoding=\"async\" width=\"794\" height=\"1080\" src=\"https:\/\/projetos.formefor.com.br\/usimachi\/wp-content\/uploads\/2025\/07\/quem-somos-1.webp\" class=\"attachment-full size-full wp-image-142\" alt=\"\" srcset=\"https:\/\/projetos.formefor.com.br\/usimachi\/wp-content\/uploads\/2025\/07\/quem-somos-1.webp 794w, https:\/\/projetos.formefor.com.br\/usimachi\/wp-content\/uploads\/2025\/07\/quem-somos-1-221x300.webp 221w, https:\/\/projetos.formefor.com.br\/usimachi\/wp-content\/uploads\/2025\/07\/quem-somos-1-753x1024.webp 753w, https:\/\/projetos.formefor.com.br\/usimachi\/wp-content\/uploads\/2025\/07\/quem-somos-1-768x1045.webp 768w\" sizes=\"(max-width: 794px) 100vw, 794px\" \/>\t\t\t\t\t\t\t\t\t\t\t\t\t\t\t<\/div>\n\t\t\t\t<\/div>\n\t\t\t\t<div class=\"elementor-element elementor-element-9960c6a elementor-absolute elementor-invisible elementor-widget elementor-widget-image\" data-id=\"9960c6a\" data-element_type=\"widget\" data-settings=\"{&quot;_position&quot;:&quot;absolute&quot;,&quot;_animation&quot;:&quot;fadeInUp&quot;,&quot;_animation_delay&quot;:200}\" data-widget_type=\"image.default\">\n\t\t\t\t<div class=\"elementor-widget-container\">\n\t\t\t\t\t\t\t\t\t\t\t\t\t\t\t<img decoding=\"async\" width=\"794\" height=\"1080\" src=\"https:\/\/projetos.formefor.com.br\/usimachi\/wp-content\/uploads\/2025\/07\/quem-somos-2.webp\" class=\"attachment-full size-full wp-image-143\" alt=\"\" srcset=\"https:\/\/projetos.formefor.com.br\/usimachi\/wp-content\/uploads\/2025\/07\/quem-somos-2.webp 794w, https:\/\/projetos.formefor.com.br\/usimachi\/wp-content\/uploads\/2025\/07\/quem-somos-2-221x300.webp 221w, https:\/\/projetos.formefor.com.br\/usimachi\/wp-content\/uploads\/2025\/07\/quem-somos-2-753x1024.webp 753w, https:\/\/projetos.formefor.com.br\/usimachi\/wp-content\/uploads\/2025\/07\/quem-somos-2-768x1045.webp 768w\" sizes=\"(max-width: 794px) 100vw, 794px\" \/>\t\t\t\t\t\t\t\t\t\t\t\t\t\t\t<\/div>\n\t\t\t\t<\/div>\n\t\t\t\t<\/div>\n\t\t<div class=\"elementor-element elementor-element-60b76ad e-con-full e-flex e-con e-child\" data-id=\"60b76ad\" data-element_type=\"container\">\n\t\t\t\t<div class=\"elementor-element elementor-element-9dc83a6 elementor-invisible elementor-widget elementor-widget-heading\" data-id=\"9dc83a6\" data-element_type=\"widget\" data-settings=\"{&quot;_animation&quot;:&quot;fadeInUp&quot;}\" data-widget_type=\"heading.default\">\n\t\t\t\t<div class=\"elementor-widget-container\">\n\t\t\t\t\t<span class=\"elementor-heading-title elementor-size-default\">Confian\u00e7a n\u00e3o se improvisa<\/span>\t\t\t\t<\/div>\n\t\t\t\t<\/div>\n\t\t\t\t<div class=\"elementor-element elementor-element-b989ba5 elementor-widget__width-initial elementor-invisible elementor-widget elementor-widget-heading\" data-id=\"b989ba5\" data-element_type=\"widget\" data-settings=\"{&quot;_animation&quot;:&quot;fadeInUp&quot;}\" data-widget_type=\"heading.default\">\n\t\t\t\t<div class=\"elementor-widget-container\">\n\t\t\t\t\t<h2 class=\"elementor-heading-title elementor-size-default\">Aqui, tudo come\u00e7a\nno solo. E quem entende de solo, sabe: n\u00e3o existe espa\u00e7o para erros.<\/h2>\t\t\t\t<\/div>\n\t\t\t\t<\/div>\n\t\t\t\t<div class=\"elementor-element elementor-element-06d32a4 elementor-invisible elementor-widget elementor-widget-text-editor\" data-id=\"06d32a4\" data-element_type=\"widget\" data-settings=\"{&quot;_animation&quot;:&quot;fadeInUp&quot;}\" data-widget_type=\"text-editor.default\">\n\t\t\t\t<div class=\"elementor-widget-container\">\n\t\t\t\t\t\t\t\t\t<p>Somos fabricantes de equipamentos para sondagem e geotecnia. H\u00e1 mais de 30 anos, entregamos precis\u00e3o, resist\u00eancia e confian\u00e7a para quem precisa investigar, perfurar e entender o que acontece debaixo da superf\u00edcie.<\/p><p>Trabalhamos lado a lado com quem investiga, analisa e perfura o solo. Nossos equipamentos est\u00e3o nas m\u00e3os de quem n\u00e3o pode depender da sorte.<\/p><p>Para n\u00f3s, a norma n\u00e3o \u00e9 diferencial, \u00e9 ponto de partida.<br \/>Prazo n\u00e3o \u00e9 promessa, \u00e9 compromisso.<br \/>Suporte n\u00e3o \u00e9 favor, \u00e9 parte do que entregamos.<\/p>\t\t\t\t\t\t\t\t<\/div>\n\t\t\t\t<\/div>\n\t\t\t\t<\/div>\n\t\t\t\t\t<\/div>\n\t\t\t\t<\/div>\n\t\t<div class=\"elementor-element elementor-element-ee82ae7 e-flex e-con-boxed e-con e-parent\" data-id=\"ee82ae7\" data-element_type=\"container\" data-settings=\"{&quot;background_background&quot;:&quot;classic&quot;}\">\n\t\t\t\t\t<div class=\"e-con-inner\">\n\t\t<div class=\"elementor-element elementor-element-94a939b e-con-full divBannerClientes e-flex e-con e-child\" data-id=\"94a939b\" data-element_type=\"container\" data-settings=\"{&quot;background_background&quot;:&quot;classic&quot;}\">\n\t\t\t\t<div class=\"elementor-element elementor-element-b8f46d0 elementor-invisible elementor-widget elementor-widget-heading\" data-id=\"b8f46d0\" data-element_type=\"widget\" data-settings=\"{&quot;_animation&quot;:&quot;fadeInUp&quot;}\" data-widget_type=\"heading.default\">\n\t\t\t\t<div class=\"elementor-widget-container\">\n\t\t\t\t\t<span class=\"elementor-heading-title elementor-size-default\">depoimento<\/span>\t\t\t\t<\/div>\n\t\t\t\t<\/div>\n\t\t\t\t<div class=\"elementor-element elementor-element-545ce65 elementor-widget__width-initial elementor-invisible elementor-widget elementor-widget-heading\" data-id=\"545ce65\" data-element_type=\"widget\" data-settings=\"{&quot;_animation&quot;:&quot;fadeInUp&quot;}\" data-widget_type=\"heading.default\">\n\t\t\t\t<div class=\"elementor-widget-container\">\n\t\t\t\t\t<h2 class=\"elementor-heading-title elementor-size-default\">O que nossos\nclientes falam<\/h2>\t\t\t\t<\/div>\n\t\t\t\t<\/div>\n\t\t<div class=\"elementor-element elementor-element-9848125 e-con-full e-flex e-con e-child\" data-id=\"9848125\" data-element_type=\"container\">\n\t\t\t\t<div class=\"elementor-element elementor-element-ba7de03 elementor-widget elementor-widget-heading\" data-id=\"ba7de03\" data-element_type=\"widget\" data-widget_type=\"heading.default\">\n\t\t\t\t<div class=\"elementor-widget-container\">\n\t\t\t\t\t<span class=\"elementor-heading-title elementor-size-default\">\u201c<\/span>\t\t\t\t<\/div>\n\t\t\t\t<\/div>\n\t\t\t\t<div class=\"elementor-element elementor-element-a461802 elementor-widget__width-initial elementor-invisible elementor-widget elementor-widget-text-editor\" data-id=\"a461802\" data-element_type=\"widget\" data-settings=\"{&quot;_animation&quot;:&quot;fadeInUp&quot;}\" data-widget_type=\"text-editor.default\">\n\t\t\t\t<div class=\"elementor-widget-container\">\n\t\t\t\t\t\t\t\t\t<p>A <strong>Usimachi<\/strong> tem sido uma parceira estrat\u00e9gica fundamental em nossos projetos de sondagens offshore e onshore. Ao longo da nossa parceria, contamos com a expertise da equipe t\u00e9cnica da <strong>Usimachi<\/strong> em projetos de fabrica\u00e7\u00e3o e reforma de equipamentos de sondagem, sempre com foco em desempenho, durabilidade e seguran\u00e7a operacional. A qualidade da engenharia empregada, aliada \u00e0 pontualidade nas entregas e ao suporte p\u00f3s-venda eficiente, refor\u00e7am a confian\u00e7a da Geosea na <strong>Usimachi<\/strong> como parceira estrat\u00e9gica em nossas opera\u00e7\u00f5es de campo.<\/p>\t\t\t\t\t\t\t\t<\/div>\n\t\t\t\t<\/div>\n\t\t\t\t<\/div>\n\t\t\t\t<div class=\"elementor-element elementor-element-8aed8b0 elementor-widget__width-initial elementor-invisible elementor-widget elementor-widget-heading\" data-id=\"8aed8b0\" data-element_type=\"widget\" data-settings=\"{&quot;_animation&quot;:&quot;fadeInUp&quot;}\" data-widget_type=\"heading.default\">\n\t\t\t\t<div class=\"elementor-widget-container\">\n\t\t\t\t\t<h2 class=\"elementor-heading-title elementor-size-default\">Henrique Freitas de Sousa<\/h2>\t\t\t\t<\/div>\n\t\t\t\t<\/div>\n\t\t\t\t<div class=\"elementor-element elementor-element-5ae8ee8 elementor-widget__width-initial elementor-invisible elementor-widget elementor-widget-heading\" data-id=\"5ae8ee8\" data-element_type=\"widget\" data-settings=\"{&quot;_animation&quot;:&quot;fadeInUp&quot;}\" data-widget_type=\"heading.default\">\n\t\t\t\t<div class=\"elementor-widget-container\">\n\t\t\t\t\t<h2 class=\"elementor-heading-title elementor-size-default\">S\u00f3cio - Geosea Investiga\u00e7\u00f5es Geot\u00e9cnicas<\/h2>\t\t\t\t<\/div>\n\t\t\t\t<\/div>\n\t\t\t\t<\/div>\n\t\t\t\t\t<\/div>\n\t\t\t\t<\/div>\n\t\t<div class=\"elementor-element elementor-element-9d3e542 e-flex e-con-boxed e-con e-parent\" data-id=\"9d3e542\" data-element_type=\"container\" data-settings=\"{&quot;background_background&quot;:&quot;classic&quot;}\">\n\t\t\t\t\t<div class=\"e-con-inner\">\n\t\t<div class=\"elementor-element elementor-element-298a95f e-con-full divBannerClientes e-flex e-con e-child\" data-id=\"298a95f\" data-element_type=\"container\" data-settings=\"{&quot;background_background&quot;:&quot;classic&quot;}\">\n\t\t\t\t<\/div>\n\t\t\t\t\t<\/div>\n\t\t\t\t<\/div>\n\t\t<div class=\"elementor-element elementor-element-2eead58 e-flex e-con-boxed e-con e-parent\" data-id=\"2eead58\" data-element_type=\"container\" data-settings=\"{&quot;background_background&quot;:&quot;classic&quot;}\">\n\t\t\t\t\t<div class=\"e-con-inner\">\n\t\t\t\t<div class=\"elementor-element elementor-element-cb8ea60 elementor-widget__width-initial elementor-invisible elementor-widget elementor-widget-heading\" data-id=\"cb8ea60\" data-element_type=\"widget\" data-settings=\"{&quot;_animation&quot;:&quot;fadeInUp&quot;}\" data-widget_type=\"heading.default\">\n\t\t\t\t<div class=\"elementor-widget-container\">\n\t\t\t\t\t<h2 class=\"elementor-heading-title elementor-size-default\">Se a sua obra come\u00e7a no solo, come\u00e7a com a gente.<\/h2>\t\t\t\t<\/div>\n\t\t\t\t<\/div>\n\t\t\t\t<div class=\"elementor-element elementor-element-674ceb4 elementor-widget-mobile__width-initial elementor-widget elementor-widget-image-carousel\" data-id=\"674ceb4\" data-element_type=\"widget\" data-settings=\"{&quot;slides_to_show&quot;:&quot;6&quot;,&quot;navigation&quot;:&quot;none&quot;,&quot;image_spacing_custom&quot;:{&quot;unit&quot;:&quot;px&quot;,&quot;size&quot;:80,&quot;sizes&quot;:[]},&quot;slides_to_show_tablet&quot;:&quot;4&quot;,&quot;autoplay&quot;:&quot;yes&quot;,&quot;pause_on_hover&quot;:&quot;yes&quot;,&quot;pause_on_interaction&quot;:&quot;yes&quot;,&quot;autoplay_speed&quot;:5000,&quot;infinite&quot;:&quot;yes&quot;,&quot;speed&quot;:500,&quot;image_spacing_custom_tablet&quot;:{&quot;unit&quot;:&quot;px&quot;,&quot;size&quot;:&quot;&quot;,&quot;sizes&quot;:[]},&quot;image_spacing_custom_mobile&quot;:{&quot;unit&quot;:&quot;px&quot;,&quot;size&quot;:&quot;&quot;,&quot;sizes&quot;:[]}}\" data-widget_type=\"image-carousel.default\">\n\t\t\t\t<div class=\"elementor-widget-container\">\n\t\t\t\t\t\t\t<div class=\"elementor-image-carousel-wrapper swiper\" role=\"region\" aria-roledescription=\"carousel\" aria-label=\"Carrossel de imagens\" dir=\"ltr\">\n\t\t\t<div class=\"elementor-image-carousel swiper-wrapper\" aria-live=\"off\">\n\t\t\t\t\t\t\t\t<div class=\"swiper-slide\" role=\"group\" aria-roledescription=\"slide\" aria-label=\"1 de 25\"><figure class=\"swiper-slide-inner\"><img decoding=\"async\" class=\"swiper-slide-image\" src=\"https:\/\/projetos.formefor.com.br\/usimachi\/wp-content\/uploads\/2025\/09\/Logos-clientes-Usimachi-7.png\" alt=\"Logos clientes Usimachi (7)\" \/><\/figure><\/div><div class=\"swiper-slide\" role=\"group\" aria-roledescription=\"slide\" aria-label=\"2 de 25\"><figure class=\"swiper-slide-inner\"><img decoding=\"async\" class=\"swiper-slide-image\" src=\"https:\/\/projetos.formefor.com.br\/usimachi\/wp-content\/uploads\/2025\/08\/23.png\" alt=\"23\" \/><\/figure><\/div><div class=\"swiper-slide\" role=\"group\" aria-roledescription=\"slide\" aria-label=\"3 de 25\"><figure class=\"swiper-slide-inner\"><img decoding=\"async\" class=\"swiper-slide-image\" src=\"https:\/\/projetos.formefor.com.br\/usimachi\/wp-content\/uploads\/2025\/09\/Logos-clientes-Usimachi-1.png\" alt=\"Logos clientes Usimachi (1)\" \/><\/figure><\/div><div class=\"swiper-slide\" role=\"group\" aria-roledescription=\"slide\" aria-label=\"4 de 25\"><figure class=\"swiper-slide-inner\"><img decoding=\"async\" class=\"swiper-slide-image\" src=\"https:\/\/projetos.formefor.com.br\/usimachi\/wp-content\/uploads\/2025\/08\/20.png\" alt=\"20\" \/><\/figure><\/div><div class=\"swiper-slide\" role=\"group\" aria-roledescription=\"slide\" aria-label=\"5 de 25\"><figure class=\"swiper-slide-inner\"><img decoding=\"async\" class=\"swiper-slide-image\" src=\"https:\/\/projetos.formefor.com.br\/usimachi\/wp-content\/uploads\/2025\/08\/19.png\" alt=\"19\" \/><\/figure><\/div><div class=\"swiper-slide\" role=\"group\" aria-roledescription=\"slide\" aria-label=\"6 de 25\"><figure class=\"swiper-slide-inner\"><img decoding=\"async\" class=\"swiper-slide-image\" src=\"https:\/\/projetos.formefor.com.br\/usimachi\/wp-content\/uploads\/2025\/08\/16.png\" alt=\"16\" \/><\/figure><\/div><div class=\"swiper-slide\" role=\"group\" aria-roledescription=\"slide\" aria-label=\"7 de 25\"><figure class=\"swiper-slide-inner\"><img decoding=\"async\" class=\"swiper-slide-image\" src=\"https:\/\/projetos.formefor.com.br\/usimachi\/wp-content\/uploads\/2025\/08\/15.png\" alt=\"15\" \/><\/figure><\/div><div class=\"swiper-slide\" role=\"group\" aria-roledescription=\"slide\" aria-label=\"8 de 25\"><figure class=\"swiper-slide-inner\"><img decoding=\"async\" class=\"swiper-slide-image\" src=\"https:\/\/projetos.formefor.com.br\/usimachi\/wp-content\/uploads\/2025\/08\/14.png\" alt=\"14\" \/><\/figure><\/div><div class=\"swiper-slide\" role=\"group\" aria-roledescription=\"slide\" aria-label=\"9 de 25\"><figure class=\"swiper-slide-inner\"><img decoding=\"async\" class=\"swiper-slide-image\" src=\"https:\/\/projetos.formefor.com.br\/usimachi\/wp-content\/uploads\/2025\/08\/13.png\" alt=\"13\" \/><\/figure><\/div><div class=\"swiper-slide\" role=\"group\" aria-roledescription=\"slide\" aria-label=\"10 de 25\"><figure class=\"swiper-slide-inner\"><img decoding=\"async\" class=\"swiper-slide-image\" src=\"https:\/\/projetos.formefor.com.br\/usimachi\/wp-content\/uploads\/2025\/08\/12.png\" alt=\"12\" \/><\/figure><\/div><div class=\"swiper-slide\" role=\"group\" aria-roledescription=\"slide\" aria-label=\"11 de 25\"><figure class=\"swiper-slide-inner\"><img decoding=\"async\" class=\"swiper-slide-image\" src=\"https:\/\/projetos.formefor.com.br\/usimachi\/wp-content\/uploads\/2025\/08\/11.png\" alt=\"11\" \/><\/figure><\/div><div class=\"swiper-slide\" role=\"group\" aria-roledescription=\"slide\" aria-label=\"12 de 25\"><figure class=\"swiper-slide-inner\"><img decoding=\"async\" class=\"swiper-slide-image\" src=\"https:\/\/projetos.formefor.com.br\/usimachi\/wp-content\/uploads\/2025\/08\/8.png\" alt=\"8\" \/><\/figure><\/div><div class=\"swiper-slide\" role=\"group\" aria-roledescription=\"slide\" aria-label=\"13 de 25\"><figure class=\"swiper-slide-inner\"><img decoding=\"async\" class=\"swiper-slide-image\" src=\"https:\/\/projetos.formefor.com.br\/usimachi\/wp-content\/uploads\/2025\/08\/7.png\" alt=\"7\" \/><\/figure><\/div><div class=\"swiper-slide\" role=\"group\" aria-roledescription=\"slide\" aria-label=\"14 de 25\"><figure class=\"swiper-slide-inner\"><img decoding=\"async\" class=\"swiper-slide-image\" src=\"https:\/\/projetos.formefor.com.br\/usimachi\/wp-content\/uploads\/2025\/08\/6.png\" alt=\"6\" \/><\/figure><\/div><div class=\"swiper-slide\" role=\"group\" aria-roledescription=\"slide\" aria-label=\"15 de 25\"><figure class=\"swiper-slide-inner\"><img decoding=\"async\" class=\"swiper-slide-image\" src=\"https:\/\/projetos.formefor.com.br\/usimachi\/wp-content\/uploads\/2025\/08\/5.png\" alt=\"5\" \/><\/figure><\/div><div class=\"swiper-slide\" role=\"group\" aria-roledescription=\"slide\" aria-label=\"16 de 25\"><figure class=\"swiper-slide-inner\"><img decoding=\"async\" class=\"swiper-slide-image\" src=\"https:\/\/projetos.formefor.com.br\/usimachi\/wp-content\/uploads\/2025\/08\/4.png\" alt=\"4\" \/><\/figure><\/div><div class=\"swiper-slide\" role=\"group\" aria-roledescription=\"slide\" aria-label=\"17 de 25\"><figure class=\"swiper-slide-inner\"><img decoding=\"async\" class=\"swiper-slide-image\" src=\"https:\/\/projetos.formefor.com.br\/usimachi\/wp-content\/uploads\/2025\/08\/3.png\" alt=\"3\" \/><\/figure><\/div><div class=\"swiper-slide\" role=\"group\" aria-roledescription=\"slide\" aria-label=\"18 de 25\"><figure class=\"swiper-slide-inner\"><img decoding=\"async\" class=\"swiper-slide-image\" src=\"https:\/\/projetos.formefor.com.br\/usimachi\/wp-content\/uploads\/2025\/08\/2.png\" alt=\"2\" \/><\/figure><\/div><div class=\"swiper-slide\" role=\"group\" aria-roledescription=\"slide\" aria-label=\"19 de 25\"><figure class=\"swiper-slide-inner\"><img decoding=\"async\" class=\"swiper-slide-image\" src=\"https:\/\/projetos.formefor.com.br\/usimachi\/wp-content\/uploads\/2025\/08\/1.png\" alt=\"1\" \/><\/figure><\/div><div class=\"swiper-slide\" role=\"group\" aria-roledescription=\"slide\" aria-label=\"20 de 25\"><figure class=\"swiper-slide-inner\"><img decoding=\"async\" class=\"swiper-slide-image\" src=\"https:\/\/projetos.formefor.com.br\/usimachi\/wp-content\/uploads\/2025\/09\/Logos-clientes-Usimachi.png\" alt=\"Logos clientes Usimachi\" \/><\/figure><\/div><div class=\"swiper-slide\" role=\"group\" aria-roledescription=\"slide\" aria-label=\"21 de 25\"><figure class=\"swiper-slide-inner\"><img decoding=\"async\" class=\"swiper-slide-image\" src=\"https:\/\/projetos.formefor.com.br\/usimachi\/wp-content\/uploads\/2025\/09\/Logos-clientes-Usimachi-6.png\" alt=\"Logos clientes Usimachi (6)\" \/><\/figure><\/div><div class=\"swiper-slide\" role=\"group\" aria-roledescription=\"slide\" aria-label=\"22 de 25\"><figure class=\"swiper-slide-inner\"><img decoding=\"async\" class=\"swiper-slide-image\" src=\"https:\/\/projetos.formefor.com.br\/usimachi\/wp-content\/uploads\/2025\/09\/Logos-clientes-Usimachi-5.png\" alt=\"Logos clientes Usimachi (5)\" \/><\/figure><\/div><div class=\"swiper-slide\" role=\"group\" aria-roledescription=\"slide\" aria-label=\"23 de 25\"><figure class=\"swiper-slide-inner\"><img decoding=\"async\" class=\"swiper-slide-image\" src=\"https:\/\/projetos.formefor.com.br\/usimachi\/wp-content\/uploads\/2025\/09\/Logos-clientes-Usimachi-4.png\" alt=\"Logos clientes Usimachi (4)\" \/><\/figure><\/div><div class=\"swiper-slide\" role=\"group\" aria-roledescription=\"slide\" aria-label=\"24 de 25\"><figure class=\"swiper-slide-inner\"><img decoding=\"async\" class=\"swiper-slide-image\" src=\"https:\/\/projetos.formefor.com.br\/usimachi\/wp-content\/uploads\/2025\/09\/Logos-clientes-Usimachi-3.png\" alt=\"Logos clientes Usimachi (3)\" \/><\/figure><\/div><div class=\"swiper-slide\" role=\"group\" aria-roledescription=\"slide\" aria-label=\"25 de 25\"><figure class=\"swiper-slide-inner\"><img decoding=\"async\" class=\"swiper-slide-image\" src=\"https:\/\/projetos.formefor.com.br\/usimachi\/wp-content\/uploads\/2025\/09\/Logos-clientes-Usimachi-2.png\" alt=\"Logos clientes Usimachi (2)\" \/><\/figure><\/div>\t\t\t<\/div>\n\t\t\t\t\t\t\t\n\t\t\t\t\t\t\t\t\t<\/div>\n\t\t\t\t\t\t<\/div>\n\t\t\t\t<\/div>\n\t\t\t\t\t<\/div>\n\t\t\t\t<\/div>\n\t\t\t\t<\/div>\n\t\t","protected":false},"excerpt":{"rendered":"<p>DESDE 1995 Confian\u00e7a n\u00e3o se improvisa Aqui, tudo come\u00e7a no solo. E quem entende de solo, sabe: n\u00e3o existe espa\u00e7o para erros. Somos fabricantes de equipamentos para sondagem e geotecnia. H\u00e1 mais de 30 anos, entregamos precis\u00e3o, resist\u00eancia e confian\u00e7a para quem precisa investigar, perfurar e entender o que acontece debaixo da superf\u00edcie. Trabalhamos lado [&hellip;]<\/p>\n","protected":false},"author":1,"featured_media":0,"parent":0,"menu_order":0,"comment_status":"closed","ping_status":"closed","template":"","meta":{"_acf_changed":false,"_joinchat":[],"footnotes":""},"class_list":["post-90","page","type-page","status-publish","hentry"],"acf":[],"_links":{"self":[{"href":"https:\/\/projetos.formefor.com.br\/usimachi\/wp-json\/wp\/v2\/pages\/90","targetHints":{"allow":["GET"]}}],"collection":[{"href":"https:\/\/projetos.formefor.com.br\/usimachi\/wp-json\/wp\/v2\/pages"}],"about":[{"href":"https:\/\/projetos.formefor.com.br\/usimachi\/wp-json\/wp\/v2\/types\/page"}],"author":[{"embeddable":true,"href":"https:\/\/projetos.formefor.com.br\/usimachi\/wp-json\/wp\/v2\/users\/1"}],"replies":[{"embeddable":true,"href":"https:\/\/projetos.formefor.com.br\/usimachi\/wp-json\/wp\/v2\/comments?post=90"}],"version-history":[{"count":82,"href":"https:\/\/projetos.formefor.com.br\/usimachi\/wp-json\/wp\/v2\/pages\/90\/revisions"}],"predecessor-version":[{"id":698,"href":"https:\/\/projetos.formefor.com.br\/usimachi\/wp-json\/wp\/v2\/pages\/90\/revisions\/698"}],"wp:attachment":[{"href":"https:\/\/projetos.formefor.com.br\/usimachi\/wp-json\/wp\/v2\/media?parent=90"}],"curies":[{"name":"wp","href":"https:\/\/api.w.org\/{rel}","templated":true}]}}