{"id":92,"date":"2025-07-24T23:48:15","date_gmt":"2025-07-25T02:48:15","guid":{"rendered":"https:\/\/projetos.formefor.com.br\/usimachi\/?page_id=92"},"modified":"2025-09-04T11:25:09","modified_gmt":"2025-09-04T14:25:09","slug":"contato","status":"publish","type":"page","link":"https:\/\/projetos.formefor.com.br\/usimachi\/contato\/","title":{"rendered":"Contato"},"content":{"rendered":"\t\t<div data-elementor-type=\"wp-post\" data-elementor-id=\"92\" class=\"elementor elementor-92\">\n\t\t\t\t<div class=\"elementor-element elementor-element-5b96ef2 e-con-full e-flex e-con e-parent\" data-id=\"5b96ef2\" data-element_type=\"container\">\n\t\t\t\t<div class=\"elementor-element elementor-element-3c882f2 mapaContato elementor-widget elementor-widget-html\" data-id=\"3c882f2\" data-element_type=\"widget\" data-widget_type=\"html.default\">\n\t\t\t\t<div class=\"elementor-widget-container\">\n\t\t\t\t\t<iframe src=\"https:\/\/www.google.com\/maps\/embed?pb=!1m18!1m12!1m3!1d3678.206829916188!2d-43.32527381232274!3d-22.794798780579473!2m3!1f0!2f0!3f0!3m2!1i1024!2i768!4f13.1!3m3!1m2!1s0x997ad485594c95%3A0x9f30f95576239908!2sUsimachi%20equipamentos%20de%20sondagem!5e0!3m2!1spt-BR!2sbr!4v1753411778801!5m2!1spt-BR!2sbr\" width=\"600\" height=\"600\" style=\"width:100%; border:0;\" allowfullscreen=\"\" loading=\"lazy\" referrerpolicy=\"no-referrer-when-downgrade\"><\/iframe>\t\t\t\t<\/div>\n\t\t\t\t<\/div>\n\t\t\t\t<\/div>\n\t\t<div class=\"elementor-element elementor-element-6bb5554 e-flex e-con-boxed e-con e-parent\" data-id=\"6bb5554\" data-element_type=\"container\">\n\t\t\t\t\t<div class=\"e-con-inner\">\n\t\t<div class=\"elementor-element elementor-element-9ee38b9 e-con-full e-flex e-con e-child\" data-id=\"9ee38b9\" data-element_type=\"container\">\n\t\t\t\t<div class=\"elementor-element elementor-element-496239e elementor-hidden-tablet elementor-hidden-mobile elementor-widget elementor-widget-heading\" data-id=\"496239e\" data-element_type=\"widget\" data-widget_type=\"heading.default\">\n\t\t\t\t<div class=\"elementor-widget-container\">\n\t\t\t\t\t<h2 class=\"elementor-heading-title elementor-size-default\">Contato<\/h2>\t\t\t\t<\/div>\n\t\t\t\t<\/div>\n\t\t\t\t<div class=\"elementor-element elementor-element-06d32a4 elementor-widget__width-initial elementor-widget elementor-widget-text-editor\" data-id=\"06d32a4\" data-element_type=\"widget\" data-widget_type=\"text-editor.default\">\n\t\t\t\t<div class=\"elementor-widget-container\">\n\t\t\t\t\t\t\t\t\t<p>R. Pedro Ernesto, 115 &#8211; Engenho do Porto, Duque de Caxias &#8211; RJ, 25015-290<\/p>\t\t\t\t\t\t\t\t<\/div>\n\t\t\t\t<\/div>\n\t\t\t\t<div class=\"elementor-element elementor-element-566d02b elementor-widget elementor-widget-heading\" data-id=\"566d02b\" data-element_type=\"widget\" data-widget_type=\"heading.default\">\n\t\t\t\t<div class=\"elementor-widget-container\">\n\t\t\t\t\t<span class=\"elementor-heading-title elementor-size-default\"><a href=\"mailto:vendas@usimachi.com.br\">vendas@usimachi.com.br<\/a><\/span>\t\t\t\t<\/div>\n\t\t\t\t<\/div>\n\t\t\t\t<div class=\"elementor-element elementor-element-4e9c870 elementor-icon-list--layout-traditional elementor-list-item-link-full_width elementor-widget elementor-widget-icon-list\" data-id=\"4e9c870\" data-element_type=\"widget\" data-widget_type=\"icon-list.default\">\n\t\t\t\t<div class=\"elementor-widget-container\">\n\t\t\t\t\t\t\t<ul class=\"elementor-icon-list-items\">\n\t\t\t\t\t\t\t<li class=\"elementor-icon-list-item\">\n\t\t\t\t\t\t\t\t\t\t\t<a href=\"https:\/\/api.whatsapp.com\/send\/?phone=5521970132952\">\n\n\t\t\t\t\t\t\t\t\t\t\t\t<span class=\"elementor-icon-list-icon\">\n\t\t\t\t\t\t\t<svg xmlns=\"http:\/\/www.w3.org\/2000\/svg\" width=\"26\" height=\"26\" viewBox=\"0 0 26 26\" fill=\"none\"><path d=\"M12.2003 0C12.7427 0 13.2847 0 13.8271 0C13.8923 0.0142502 13.9564 0.0371523 14.0221 0.0422417C15.8634 0.181181 17.594 0.694697 19.2157 1.57516C24.8376 4.62724 27.4051 11.3197 25.2313 17.2555C22.5966 24.4493 14.287 27.8118 7.35919 24.4925C7.24153 24.436 7.08059 24.4121 6.95478 24.4401C5.04788 24.8651 3.14352 25.3017 1.23865 25.7348C0.84902 25.8234 0.458879 25.9089 0.0483646 26C0.0605884 25.917 0.0641536 25.8753 0.0728121 25.8346C0.560744 23.6136 1.05122 21.3936 1.53253 19.1716C1.558 19.0535 1.53661 18.9019 1.4816 18.794C0.866337 17.5883 0.414568 16.3282 0.190975 14.9912C0.117123 14.5505 0.0636443 14.1062 0.000488281 13.6639C0.000488281 13.1392 0.000488281 12.614 0.000488281 12.0893C0.0835079 11.5223 0.145136 10.9508 0.252603 10.3884C1.22948 5.25832 5.56943 1.03721 10.7207 0.201539C11.2117 0.122145 11.7073 0.0666706 12.2003 0ZM2.71161 23.3098C2.78852 23.296 2.82163 23.2914 2.85372 23.2838C4.31344 22.9535 5.77214 22.6196 7.2344 22.2995C7.36581 22.271 7.53643 22.2995 7.65663 22.3631C10.9418 24.0956 14.289 24.2294 17.6714 22.7016C22.1728 20.6689 24.7271 15.6737 23.7731 10.85C22.6002 4.91988 16.6859 0.991916 10.7859 2.2556C7.53949 2.95081 5.06163 4.75193 3.41448 7.63658C2.25068 9.67436 1.82641 11.8796 2.12437 14.2141C2.31791 15.7292 2.84506 17.1272 3.60904 18.4438C3.67423 18.5563 3.71192 18.7187 3.68697 18.8428C3.54436 19.5553 3.37781 20.2628 3.22196 20.9727C3.05337 21.7387 2.88733 22.5056 2.71161 23.3098Z\" fill=\"#4C4C4C\"><\/path><path d=\"M9.09751 7.20907C9.84265 7.20907 9.94451 7.27269 10.2083 7.90225C10.4925 8.58015 10.765 9.26314 11.0513 9.94053C11.1373 10.1446 11.1531 10.3426 11.0248 10.5192C10.8078 10.8184 10.5822 11.1131 10.3382 11.3905C10.0611 11.705 10.0423 11.789 10.2567 12.1463C11.2117 13.7367 12.537 14.8965 14.26 15.5968C14.5936 15.7322 14.7102 15.7134 14.9445 15.4325C15.2369 15.0813 15.5247 14.7261 15.8078 14.3678C16.0212 14.0985 16.1328 14.0329 16.4363 14.1713C17.2813 14.5581 18.1181 14.9642 18.9473 15.3836C19.0466 15.434 19.1368 15.6141 19.1358 15.7332C19.1281 16.5129 18.9402 17.2071 18.2592 17.7115C17.3221 18.4052 16.3167 18.4769 15.2216 18.2123C12.4575 17.5456 10.3285 15.976 8.68699 13.696C8.17309 12.9819 7.64339 12.2755 7.33932 11.4378C6.85598 10.1049 6.96599 8.86719 7.92657 7.75872C8.25967 7.37448 8.63708 7.13375 9.09751 7.20907Z\" fill=\"#4C4C4C\"><\/path><\/svg>\t\t\t\t\t\t<\/span>\n\t\t\t\t\t\t\t\t\t\t<span class=\"elementor-icon-list-text\">(21) 97013-2952<\/span>\n\t\t\t\t\t\t\t\t\t\t\t<\/a>\n\t\t\t\t\t\t\t\t\t<\/li>\n\t\t\t\t\t\t\t\t<li class=\"elementor-icon-list-item\">\n\t\t\t\t\t\t\t\t\t\t\t<a href=\"tel:+552127716322\">\n\n\t\t\t\t\t\t\t\t\t\t\t\t<span class=\"elementor-icon-list-icon\">\n\t\t\t\t\t\t\t<svg xmlns=\"http:\/\/www.w3.org\/2000\/svg\" width=\"28\" height=\"28\" viewBox=\"0 0 28 28\" fill=\"none\"><path d=\"M14.8238 28H13.1838C13.1044 27.9841 13.0255 27.9649 12.945 27.9529C12.1819 27.8345 11.4052 27.7704 10.6569 27.5912C3.4734 25.8695 -1.15419 18.6488 0.251395 11.3794C0.83587 8.35729 2.24639 5.78126 4.51856 3.71156C7.76029 0.757976 11.5909 -0.419622 15.9309 0.131641C18.6955 0.482893 21.1315 1.61775 23.2201 3.46388C25.6802 5.63769 27.2189 8.3425 27.7847 11.586C27.8768 12.112 27.9293 12.6452 28 13.1751V14.8163C27.983 14.9127 27.9628 15.0086 27.9502 15.1056C27.8839 15.6108 27.8444 16.121 27.7497 16.6208C27.2194 19.4099 25.9513 21.8199 23.9563 23.8348C21.8649 25.9473 19.3517 27.2778 16.4157 27.7841C15.8882 27.8751 15.3552 27.9288 14.8238 28ZM14.0016 1.63309C7.19115 1.63474 1.64 7.19394 1.64767 14.0053C1.65534 20.8117 7.18896 26.3495 13.9923 26.3588C20.799 26.3687 26.3561 20.8155 26.36 14.0003C26.3638 7.18791 20.811 1.6309 14.0016 1.63309Z\" fill=\"#0B0F2C\"><\/path><path d=\"M12.2219 11.9218C13.5114 13.2123 14.7789 14.4803 16.0832 15.785C16.31 15.5483 16.5477 15.2886 16.798 15.0414C17.7796 14.0731 19.0746 14.009 20.1044 14.9209C20.6965 15.4453 21.2602 16.0091 21.7872 16.5999C22.6795 17.6005 22.634 18.9107 21.7083 19.8751C21.2602 20.342 20.8006 20.7973 20.3356 21.2478C19.3534 22.1985 18.145 22.4166 16.844 22.2856C15.2681 22.1267 13.8587 21.4916 12.5413 20.6587C10.2631 19.2181 8.41818 17.3424 7.06299 15.0014C6.37279 13.809 5.86336 12.5448 5.7182 11.1645C5.5703 9.75839 5.86281 8.48325 6.93974 7.47115C7.33797 7.09688 7.70991 6.69466 8.10157 6.31327C9.07551 5.36528 10.3754 5.3039 11.3915 6.20423C11.9968 6.74069 12.5736 7.31826 13.106 7.92761C13.9732 8.91999 13.9118 10.2023 12.9998 11.1557C12.7483 11.4188 12.4816 11.6664 12.2219 11.9218ZM17.7413 20.6828C18.2228 20.7031 18.8796 20.4406 19.4148 19.857C19.7653 19.4745 20.1482 19.1216 20.5125 18.7512C20.874 18.3835 20.874 17.9939 20.5125 17.6279C20.0513 17.1615 19.5868 16.6979 19.1211 16.2355C18.7021 15.8195 18.3384 15.8201 17.9193 16.236C17.5123 16.6404 17.1092 17.0497 16.7016 17.4536C16.2656 17.886 15.8159 17.8947 15.3881 17.4679C13.7688 15.8524 12.1524 14.2348 10.5375 12.615C10.1059 12.1821 10.1103 11.7371 10.5414 11.3009C10.9642 10.8735 11.3937 10.4521 11.8155 10.0236C12.1633 9.66962 12.1611 9.27563 11.8105 8.92054C11.3433 8.44709 10.8728 7.97693 10.4 7.50896C9.99742 7.11003 9.62493 7.11332 9.21629 7.51882C8.82134 7.91007 8.43626 8.31119 8.03529 8.69587C7.55982 9.15233 7.35605 9.71675 7.33414 10.3606C7.29524 11.4949 7.63322 12.5427 8.1421 13.529C9.67259 16.4957 11.9535 18.6975 14.9893 20.0927C15.7606 20.4472 16.58 20.668 17.7424 20.6823L17.7413 20.6828Z\" fill=\"#0B0F2C\"><\/path><\/svg>\t\t\t\t\t\t<\/span>\n\t\t\t\t\t\t\t\t\t\t<span class=\"elementor-icon-list-text\">(21) 2771-6322<\/span>\n\t\t\t\t\t\t\t\t\t\t\t<\/a>\n\t\t\t\t\t\t\t\t\t<\/li>\n\t\t\t\t\t\t\t\t<li class=\"elementor-icon-list-item\">\n\t\t\t\t\t\t\t\t\t\t\t<a href=\"tel:+552126738262\">\n\n\t\t\t\t\t\t\t\t\t\t\t\t<span class=\"elementor-icon-list-icon\">\n\t\t\t\t\t\t\t<svg xmlns=\"http:\/\/www.w3.org\/2000\/svg\" width=\"28\" height=\"28\" viewBox=\"0 0 28 28\" fill=\"none\"><path d=\"M14.8238 28H13.1838C13.1044 27.9841 13.0255 27.9649 12.945 27.9529C12.1819 27.8345 11.4052 27.7704 10.6569 27.5912C3.4734 25.8695 -1.15419 18.6488 0.251395 11.3794C0.83587 8.35729 2.24639 5.78126 4.51856 3.71156C7.76029 0.757976 11.5909 -0.419622 15.9309 0.131641C18.6955 0.482893 21.1315 1.61775 23.2201 3.46388C25.6802 5.63769 27.2189 8.3425 27.7847 11.586C27.8768 12.112 27.9293 12.6452 28 13.1751V14.8163C27.983 14.9127 27.9628 15.0086 27.9502 15.1056C27.8839 15.6108 27.8444 16.121 27.7497 16.6208C27.2194 19.4099 25.9513 21.8199 23.9563 23.8348C21.8649 25.9473 19.3517 27.2778 16.4157 27.7841C15.8882 27.8751 15.3552 27.9288 14.8238 28ZM14.0016 1.63309C7.19115 1.63474 1.64 7.19394 1.64767 14.0053C1.65534 20.8117 7.18896 26.3495 13.9923 26.3588C20.799 26.3687 26.3561 20.8155 26.36 14.0003C26.3638 7.18791 20.811 1.6309 14.0016 1.63309Z\" fill=\"#0B0F2C\"><\/path><path d=\"M12.2219 11.9218C13.5114 13.2123 14.7789 14.4803 16.0832 15.785C16.31 15.5483 16.5477 15.2886 16.798 15.0414C17.7796 14.0731 19.0746 14.009 20.1044 14.9209C20.6965 15.4453 21.2602 16.0091 21.7872 16.5999C22.6795 17.6005 22.634 18.9107 21.7083 19.8751C21.2602 20.342 20.8006 20.7973 20.3356 21.2478C19.3534 22.1985 18.145 22.4166 16.844 22.2856C15.2681 22.1267 13.8587 21.4916 12.5413 20.6587C10.2631 19.2181 8.41818 17.3424 7.06299 15.0014C6.37279 13.809 5.86336 12.5448 5.7182 11.1645C5.5703 9.75839 5.86281 8.48325 6.93974 7.47115C7.33797 7.09688 7.70991 6.69466 8.10157 6.31327C9.07551 5.36528 10.3754 5.3039 11.3915 6.20423C11.9968 6.74069 12.5736 7.31826 13.106 7.92761C13.9732 8.91999 13.9118 10.2023 12.9998 11.1557C12.7483 11.4188 12.4816 11.6664 12.2219 11.9218ZM17.7413 20.6828C18.2228 20.7031 18.8796 20.4406 19.4148 19.857C19.7653 19.4745 20.1482 19.1216 20.5125 18.7512C20.874 18.3835 20.874 17.9939 20.5125 17.6279C20.0513 17.1615 19.5868 16.6979 19.1211 16.2355C18.7021 15.8195 18.3384 15.8201 17.9193 16.236C17.5123 16.6404 17.1092 17.0497 16.7016 17.4536C16.2656 17.886 15.8159 17.8947 15.3881 17.4679C13.7688 15.8524 12.1524 14.2348 10.5375 12.615C10.1059 12.1821 10.1103 11.7371 10.5414 11.3009C10.9642 10.8735 11.3937 10.4521 11.8155 10.0236C12.1633 9.66962 12.1611 9.27563 11.8105 8.92054C11.3433 8.44709 10.8728 7.97693 10.4 7.50896C9.99742 7.11003 9.62493 7.11332 9.21629 7.51882C8.82134 7.91007 8.43626 8.31119 8.03529 8.69587C7.55982 9.15233 7.35605 9.71675 7.33414 10.3606C7.29524 11.4949 7.63322 12.5427 8.1421 13.529C9.67259 16.4957 11.9535 18.6975 14.9893 20.0927C15.7606 20.4472 16.58 20.668 17.7424 20.6823L17.7413 20.6828Z\" fill=\"#0B0F2C\"><\/path><\/svg>\t\t\t\t\t\t<\/span>\n\t\t\t\t\t\t\t\t\t\t<span class=\"elementor-icon-list-text\">(21) 2673-8262<\/span>\n\t\t\t\t\t\t\t\t\t\t\t<\/a>\n\t\t\t\t\t\t\t\t\t<\/li>\n\t\t\t\t\t\t<\/ul>\n\t\t\t\t\t\t<\/div>\n\t\t\t\t<\/div>\n\t\t\t\t<div class=\"elementor-element elementor-element-fc9eca7 elementor-widget elementor-widget-heading\" data-id=\"fc9eca7\" data-element_type=\"widget\" data-widget_type=\"heading.default\">\n\t\t\t\t<div class=\"elementor-widget-container\">\n\t\t\t\t\t<span class=\"elementor-heading-title elementor-size-default\">Acompanhe nossas redes:<\/span>\t\t\t\t<\/div>\n\t\t\t\t<\/div>\n\t\t\t\t<div class=\"elementor-element elementor-element-cd95142 e-grid-align-left elementor-shape-rounded elementor-grid-0 elementor-widget elementor-widget-social-icons\" data-id=\"cd95142\" data-element_type=\"widget\" data-widget_type=\"social-icons.default\">\n\t\t\t\t<div class=\"elementor-widget-container\">\n\t\t\t\t\t\t\t<div class=\"elementor-social-icons-wrapper elementor-grid\">\n\t\t\t\t\t\t\t<span class=\"elementor-grid-item\">\n\t\t\t\t\t<a class=\"elementor-icon elementor-social-icon elementor-social-icon- elementor-repeater-item-f0ebbcc\" href=\"https:\/\/www.facebook.com\/usimachi\" target=\"_blank\">\n\t\t\t\t\t\t<span class=\"elementor-screen-only\"><\/span>\n\t\t\t\t\t\t<svg xmlns=\"http:\/\/www.w3.org\/2000\/svg\" width=\"32\" height=\"31\" viewBox=\"0 0 32 31\" fill=\"none\"><path d=\"M0 27.7909C0 19.5972 0 11.4028 0 3.20921C0.0187859 3.15309 0.046182 3.09773 0.0563577 3.03934C0.231693 2.03912 0.760046 1.25502 1.59993 0.660496C2.11263 0.297261 2.70439 0.129673 3.31258 0C11.7701 0 20.2285 0 28.6861 0C28.7338 0.0174413 28.7808 0.0424659 28.8309 0.0508074C30.7118 0.36551 31.9955 1.82982 31.9971 3.69681C32.0018 11.5651 32.0018 19.4327 31.99 27.301C31.99 27.7173 31.9196 28.1511 31.7834 28.5454C31.2597 30.0658 29.8445 30.9993 28.1186 30.9993C20.0391 31.0008 11.9588 30.9993 3.87929 30.9993C3.79632 30.9993 3.71256 30.9993 3.62959 30.9955C2.44764 30.9379 1.49348 30.4556 0.762394 29.5547C0.339711 29.0345 0.141677 28.4241 0.000782745 27.7901L0 27.7909ZM21.1373 28.578H21.4824C23.6694 28.578 25.8572 28.578 28.0442 28.578C29.0164 28.578 29.4985 28.1086 29.4985 27.163C29.4985 19.3933 29.4985 11.6235 29.4985 3.85378C29.4985 2.88692 29.0218 2.42207 28.0293 2.42207C20.0093 2.42207 11.9893 2.42207 3.9693 2.42207C2.97678 2.42207 2.49931 2.88616 2.49931 3.85302C2.49931 11.6228 2.49931 19.3925 2.49931 27.1622C2.49931 28.1086 2.98148 28.578 3.95286 28.578C8.27518 28.578 12.5975 28.578 16.9206 28.578C17.0216 28.578 17.1226 28.5697 17.2282 28.5659V18.6948H13.5164V14.9472H17.2494C17.2494 14.8047 17.2494 14.6947 17.2494 14.5848C17.2525 13.7476 17.2282 12.9089 17.2658 12.0724C17.3754 9.63672 19.1413 7.55589 21.5819 6.96137C22.875 6.64667 24.1939 6.82032 25.5011 6.79075C25.5167 6.79075 25.5324 6.81425 25.5441 6.82411V10.5353C25.4267 10.5353 25.3249 10.5353 25.2224 10.5353C24.4827 10.5353 23.743 10.5247 23.0041 10.5391C22.0249 10.5581 21.2406 11.1571 21.1678 12.0649C21.0919 13.0143 21.1506 13.9735 21.1506 14.9594H25.6224C25.4071 16.2235 25.1974 17.4542 24.9829 18.7146H21.1365L21.1373 28.578Z\" fill=\"#4C4C4C\"><\/path><\/svg>\t\t\t\t\t<\/a>\n\t\t\t\t<\/span>\n\t\t\t\t\t\t\t<span class=\"elementor-grid-item\">\n\t\t\t\t\t<a class=\"elementor-icon elementor-social-icon elementor-social-icon- elementor-repeater-item-d24c21d\" href=\"https:\/\/www.instagram.com\/usimachi\/\" target=\"_blank\">\n\t\t\t\t\t\t<span class=\"elementor-screen-only\"><\/span>\n\t\t\t\t\t\t<svg xmlns=\"http:\/\/www.w3.org\/2000\/svg\" width=\"32\" height=\"31\" viewBox=\"0 0 32 31\" fill=\"none\"><g clip-path=\"url(#clip0_21_304)\"><path d=\"M24.6784 31H7.3099C7.22979 30.9814 7.15052 30.9571 7.06957 30.9458C3.78179 30.4914 1.54209 28.77 0.421404 25.7356C0.206947 25.1559 0.136852 24.5261 0 23.9188C0 18.31 0 12.7012 0 7.09325C0.0191927 7.00674 0.0475644 6.92103 0.057578 6.83371C0.510692 2.96245 3.81934 0.0387937 7.84896 0.0201975C13.273 -0.00567562 18.697 -0.00648416 24.121 0.0201975C28.4786 0.0420279 31.9558 3.40634 31.98 7.63012C32.01 12.8848 32.005 18.1394 31.98 23.3941C31.9641 26.8255 29.6368 29.754 26.2322 30.6952C25.7257 30.835 25.1975 30.9013 24.6784 31.0016V31ZM28.794 15.5157C28.794 12.9333 28.8048 10.3508 28.7907 7.76919C28.7765 5.11315 26.7454 3.11931 24.0167 3.11122C18.6644 3.09586 13.313 3.09505 7.96078 3.11122C5.26046 3.11931 3.20851 5.10507 3.19933 7.71825C3.18264 12.9131 3.18181 18.1079 3.19933 23.3027C3.20851 25.9014 5.25378 27.8887 7.93825 27.8993C13.3114 27.9195 18.6836 27.9081 24.0567 27.9017C24.8695 27.9009 25.6481 27.7181 26.3582 27.3228C27.9971 26.4107 28.7731 25.0031 28.7881 23.2025C28.809 20.6402 28.7932 18.078 28.7932 15.5166L28.794 15.5157Z\" fill=\"#4C4C4C\"><\/path><path d=\"M23.9907 15.5078C23.9899 19.848 20.4576 23.2616 15.9757 23.2527C11.5088 23.2438 7.99575 19.8318 7.99658 15.5029C7.99825 11.1619 11.5297 7.74991 16.0116 7.75881C20.4802 7.7677 23.9916 11.1781 23.9907 15.5078ZM15.9882 20.1585C18.6911 20.1617 20.7847 18.1436 20.7956 15.5256C20.8064 12.8946 18.7144 10.8563 15.9983 10.8531C13.2954 10.8506 11.2018 12.8679 11.1909 15.4843C11.1801 18.1153 13.2737 20.1544 15.9874 20.1577L15.9882 20.1585Z\" fill=\"#4C4C4C\"><\/path><path d=\"M23.9974 9.30876C23.1279 9.31361 22.4086 8.62797 22.3919 7.77901C22.3752 6.92924 23.102 6.21288 23.9857 6.20803C24.8677 6.20318 25.5996 6.91388 25.5912 7.76769C25.5837 8.61423 24.8702 9.30391 23.9974 9.30876Z\" fill=\"#4C4C4C\"><\/path><\/g><defs><clipPath id=\"clip0_21_304\"><rect width=\"32\" height=\"31\" fill=\"white\"><\/rect><\/clipPath><\/defs><\/svg>\t\t\t\t\t<\/a>\n\t\t\t\t<\/span>\n\t\t\t\t\t<\/div>\n\t\t\t\t\t\t<\/div>\n\t\t\t\t<\/div>\n\t\t\t\t<\/div>\n\t\t<div class=\"elementor-element elementor-element-8046a0e e-con-full e-flex e-con e-child\" data-id=\"8046a0e\" data-element_type=\"container\">\n\t\t\t\t<div class=\"elementor-element elementor-element-b989ba5 elementor-hidden-desktop elementor-widget elementor-widget-heading\" data-id=\"b989ba5\" data-element_type=\"widget\" data-widget_type=\"heading.default\">\n\t\t\t\t<div class=\"elementor-widget-container\">\n\t\t\t\t\t<h2 class=\"elementor-heading-title elementor-size-default\">Contato<\/h2>\t\t\t\t<\/div>\n\t\t\t\t<\/div>\n\t\t\t\t<div class=\"elementor-element elementor-element-a6e437c formContato premium-cf7-button-align-left elementor-widget elementor-widget-premium-contact-form\" data-id=\"a6e437c\" data-element_type=\"widget\" data-widget_type=\"premium-contact-form.default\">\n\t\t\t\t<div class=\"elementor-widget-container\">\n\t\t\t\t\t\r\n\t\t\t\r\n\t\t\t<div class=\"premium-cf7-container\">\r\n\t\t\t\t\n<div class=\"wpcf7 no-js\" id=\"wpcf7-f6-o1\" lang=\"pt-BR\" dir=\"ltr\" data-wpcf7-id=\"6\">\n<div class=\"screen-reader-response\"><p role=\"status\" aria-live=\"polite\" aria-atomic=\"true\"><\/p> <ul><\/ul><\/div>\n<form action=\"\/usimachi\/wp-json\/wp\/v2\/pages\/92#wpcf7-f6-o1\" method=\"post\" class=\"wpcf7-form init\" aria-label=\"Formul\u00e1rios de contato\" novalidate=\"novalidate\" data-status=\"init\">\n<div style=\"display: none;\">\n<input type=\"hidden\" name=\"_wpcf7\" value=\"6\" \/>\n<input type=\"hidden\" name=\"_wpcf7_version\" value=\"6.0.3\" \/>\n<input type=\"hidden\" name=\"_wpcf7_locale\" value=\"pt_BR\" \/>\n<input type=\"hidden\" name=\"_wpcf7_unit_tag\" value=\"wpcf7-f6-o1\" \/>\n<input type=\"hidden\" name=\"_wpcf7_container_post\" value=\"0\" \/>\n<input type=\"hidden\" name=\"_wpcf7_posted_data_hash\" value=\"\" \/>\n<\/div>\n<div class=\"row\">\n\t<p><span class=\"wpcf7-form-control-wrap\" data-name=\"nome\"><input size=\"40\" maxlength=\"400\" class=\"wpcf7-form-control wpcf7-text wpcf7-validates-as-required\" aria-required=\"true\" aria-invalid=\"false\" placeholder=\"Nome\" value=\"\" type=\"text\" name=\"nome\" \/><\/span>\n\t<\/p>\n\t<p><span class=\"wpcf7-form-control-wrap\" data-name=\"email\"><input size=\"40\" maxlength=\"400\" class=\"wpcf7-form-control wpcf7-email wpcf7-validates-as-required wpcf7-text wpcf7-validates-as-email\" aria-required=\"true\" aria-invalid=\"false\" placeholder=\"E-mail\" value=\"\" type=\"email\" name=\"email\" \/><\/span>\n\t<\/p>\n<\/div>\n<div class=\"row\">\n\t<p><span class=\"wpcf7-form-control-wrap\" data-name=\"telefone\"><input size=\"40\" maxlength=\"400\" class=\"wpcf7-form-control wpcf7-tel wpcf7-validates-as-required wpcf7-text wpcf7-validates-as-tel\" aria-required=\"true\" aria-invalid=\"false\" placeholder=\"Telefone\" value=\"\" type=\"tel\" name=\"telefone\" \/><\/span>\n\t<\/p>\n\t<p><span class=\"wpcf7-form-control-wrap\" data-name=\"assunto\"><input size=\"40\" maxlength=\"400\" class=\"wpcf7-form-control wpcf7-text wpcf7-validates-as-required\" aria-required=\"true\" aria-invalid=\"false\" placeholder=\"Assunto\" value=\"\" type=\"text\" name=\"assunto\" \/><\/span>\n\t<\/p>\n<\/div>\n<div class=\"row\">\n\t<p><label>Mensagem<\/label><br \/>\n<span class=\"wpcf7-form-control-wrap\" data-name=\"mensagem\"><textarea cols=\"40\" rows=\"10\" maxlength=\"2000\" class=\"wpcf7-form-control wpcf7-textarea\" aria-invalid=\"false\" placeholder=\"Precisa de um or\u00e7amento ou tem alguma d\u00favida? Escreva os detalhes e retornaremos com a solu\u00e7\u00e3o ideal para o seu projeto.\" name=\"mensagem\"><\/textarea><\/span>\n\t<\/p>\n<\/div>\n<div class=\"row\">\n\t<p><input class=\"wpcf7-form-control wpcf7-submit has-spinner\" type=\"submit\" value=\"solicitar or\u00e7amento\" \/>\n\t<\/p>\n\t<div class=\"coleta-dados-autorizacao\">\n\t<\/div>\n<\/div><div class=\"wpcf7-response-output\" aria-hidden=\"true\"><\/div>\n<\/form>\n<\/div>\n\t\t\t<\/div>\r\n\r\n\t\t\t\t\t\t\t<\/div>\n\t\t\t\t<\/div>\n\t\t\t\t<\/div>\n\t\t\t\t\t<\/div>\n\t\t\t\t<\/div>\n\t\t\t\t<\/div>\n\t\t","protected":false},"excerpt":{"rendered":"<p>Contato R. Pedro Ernesto, 115 &#8211; Engenho do Porto, Duque de Caxias &#8211; RJ, 25015-290 vendas@usimachi.com.br (21) 97013-2952 (21) 2771-6322 (21) 2673-8262 Acompanhe nossas redes: Contato Mensagem<\/p>\n","protected":false},"author":1,"featured_media":0,"parent":0,"menu_order":0,"comment_status":"closed","ping_status":"closed","template":"","meta":{"_acf_changed":false,"_joinchat":[],"footnotes":""},"class_list":["post-92","page","type-page","status-publish","hentry"],"acf":[],"_links":{"self":[{"href":"https:\/\/projetos.formefor.com.br\/usimachi\/wp-json\/wp\/v2\/pages\/92","targetHints":{"allow":["GET"]}}],"collection":[{"href":"https:\/\/projetos.formefor.com.br\/usimachi\/wp-json\/wp\/v2\/pages"}],"about":[{"href":"https:\/\/projetos.formefor.com.br\/usimachi\/wp-json\/wp\/v2\/types\/page"}],"author":[{"embeddable":true,"href":"https:\/\/projetos.formefor.com.br\/usimachi\/wp-json\/wp\/v2\/users\/1"}],"replies":[{"embeddable":true,"href":"https:\/\/projetos.formefor.com.br\/usimachi\/wp-json\/wp\/v2\/comments?post=92"}],"version-history":[{"count":46,"href":"https:\/\/projetos.formefor.com.br\/usimachi\/wp-json\/wp\/v2\/pages\/92\/revisions"}],"predecessor-version":[{"id":681,"href":"https:\/\/projetos.formefor.com.br\/usimachi\/wp-json\/wp\/v2\/pages\/92\/revisions\/681"}],"wp:attachment":[{"href":"https:\/\/projetos.formefor.com.br\/usimachi\/wp-json\/wp\/v2\/media?parent=92"}],"curies":[{"name":"wp","href":"https:\/\/api.w.org\/{rel}","templated":true}]}}